{"id":1076,"date":"2021-12-13T13:39:40","date_gmt":"2021-12-13T05:39:40","guid":{"rendered":"https:\/\/dayatex.com\/?post_type=product&#038;p=1076"},"modified":"2025-12-17T20:15:24","modified_gmt":"2025-12-17T12:15:24","slug":"viscose-crinkle-georgette-50dx50d-pfd-pfp-rpf","status":"publish","type":"product","link":"https:\/\/dayatex.com\/de\/produkt\/viscose-crinkle-georgette-50dx50d-pfd-pfp-rpf\/","title":{"rendered":"Viskose-Knitter-Georgette 50DX50D, PFD, PFP, RPF"},"content":{"rendered":"<p><strong>Viskose-Crinkle-Georgette-Stoff 50D*50D, 38-40GSM, 56\/57\u2033.<\/strong><\/p>\n<p><span class=\"src\" data-group=\"0-0\">Dieser Stoff besteht aus Viskose 100%, einer Faser, die aus einer Mischung aus verantwortungsvoll beschafftem Rohholz hergestellt wird. \u00a0\u00a0<\/span><\/p>\n<p><span class=\"src\" data-group=\"0-1\">Die einzigartige Faserkonstruktion der Viskose hat verbesserte Leistungseigenschaften, die sie langlebig, seidig weich, temperaturregulierend und atmungsaktiv machen. \u00a0<\/span><\/p>\n<ul>\n<li data-open-accessibility-text-original=\"15px\"><strong>100% Viskose:<\/strong>\u00a0eine Faser, die aus einer Mischung aus verantwortungsvoll beschafftem Rohholz besteht<\/li>\n<li data-open-accessibility-text-original=\"15px\">\u00a0<strong>leicht und transparent in der Textur\u00a0<\/strong>f\u00fchlt sich weich und elastisch an, hat eine gute Luftdurchl\u00e4ssigkeit und Faltenwurf,<\/li>\n<li data-open-accessibility-text-original=\"15px\"><strong>OEKO-TEX<\/strong>\u00a0Standard 100 zertifiziert<\/li>\n<li><strong>RCS-Viskose<\/strong>\u00a0ist praktikabel<\/li>\n<li data-open-accessibility-text-original=\"15px\"><strong>Prozess der Faltenbildung<\/strong>, so ist die Oberfl\u00e4che unregelm\u00e4\u00dfig faltig<\/li>\n<\/ul>","protected":false},"excerpt":{"rendered":"<p>Viscose Crinkle Georgette Fabric 50D*50D, 38-40GSM, 56\/57&#8243; This fabric is made of 100% viscose, a fiber made from a blend of responsibly sourced raw wood. \u00a0\u00a0 The unique fiber construction of viscose has enhanced performance qualities that make them durable, silky soft, temperature regulating, and breathable. \u00a0 100% Viscose:\u00a0a fiber made of a blend of [&hellip;]<\/p>\n","protected":false},"featured_media":3710,"comment_status":"open","ping_status":"closed","template":"","meta":[],"product_brand":[],"product_cat":[427],"product_tag":[335,192,187,237],"class_list":{"0":"post-1076","1":"product","2":"type-product","3":"status-publish","4":"has-post-thumbnail","6":"product_cat-viscose","7":"product_tag-crinkle","8":"product_tag-georgette","9":"product_tag-viscose","10":"product_tag-viscose-crinkle","12":"first","13":"instock","14":"shipping-taxable","15":"product-type-simple"},"_links":{"self":[{"href":"https:\/\/dayatex.com\/de\/wp-json\/wp\/v2\/product\/1076","targetHints":{"allow":["GET"]}}],"collection":[{"href":"https:\/\/dayatex.com\/de\/wp-json\/wp\/v2\/product"}],"about":[{"href":"https:\/\/dayatex.com\/de\/wp-json\/wp\/v2\/types\/product"}],"replies":[{"embeddable":true,"href":"https:\/\/dayatex.com\/de\/wp-json\/wp\/v2\/comments?post=1076"}],"wp:featuredmedia":[{"embeddable":true,"href":"https:\/\/dayatex.com\/de\/wp-json\/wp\/v2\/media\/3710"}],"wp:attachment":[{"href":"https:\/\/dayatex.com\/de\/wp-json\/wp\/v2\/media?parent=1076"}],"wp:term":[{"taxonomy":"product_brand","embeddable":true,"href":"https:\/\/dayatex.com\/de\/wp-json\/wp\/v2\/product_brand?post=1076"},{"taxonomy":"product_cat","embeddable":true,"href":"https:\/\/dayatex.com\/de\/wp-json\/wp\/v2\/product_cat?post=1076"},{"taxonomy":"product_tag","embeddable":true,"href":"https:\/\/dayatex.com\/de\/wp-json\/wp\/v2\/product_tag?post=1076"}],"curies":[{"name":"wp","href":"https:\/\/api.w.org\/{rel}","templated":true}]}}