{"id":1089,"date":"2021-12-13T14:56:13","date_gmt":"2021-12-13T06:56:13","guid":{"rendered":"https:\/\/dayatex.com\/?post_type=product&#038;p=1089"},"modified":"2025-12-17T20:15:37","modified_gmt":"2025-12-17T12:15:37","slug":"hot-seller-viscose-rayon-yoryu-crinkle-crepe-fabric-60x60","status":"publish","type":"product","link":"https:\/\/dayatex.com\/de\/produkt\/hot-seller-viscose-rayon-yoryu-crinkle-crepe-fabric-60x60\/","title":{"rendered":"Hei\u00dfer Verkaufsschlager Viskose\/Viskose Yoryu-Knitterkreppstoff 60\u00d760"},"content":{"rendered":"<p><strong>Viskose \/ Rayon yoryu Stoff 60\u00d760<\/strong><\/p>\n<p>Viskose-Yoryu hat eine gekr\u00e4uselte, plisseeartige Textur.<\/p>\n<p>Er hat einen flie\u00dfenden Fall und eignet sich perfekt f\u00fcr Blusen, Kleider, R\u00f6cke, Schals und mehr.<\/p>\n<p>Es ist einer der Klassiker unter den Viskosegeweben und eignet sich perfekt f\u00fcr Strandmode und Sommerkleider.<\/p>\n<ul>\n<li data-open-accessibility-text-original=\"15px\"><strong>100% Gesponnene Viskose:<\/strong>\u00a0eine Faser, die aus einer Mischung aus verantwortungsvoll beschafftem Rohholz besteht<\/li>\n<li data-open-accessibility-text-original=\"15px\"><strong>Subtile Textur<\/strong>: hat einen sch\u00f6nen Faltenwurf und f\u00fchlt sich k\u00fchl an.<\/li>\n<li data-open-accessibility-text-original=\"15px\"><strong>OEKO-TEX<\/strong>\u00a0Standard 100 zertifiziert<\/li>\n<li><strong>\u00d6ko-Vero-Viskose<\/strong>\u00a0ist praktikabel<\/li>\n<li data-open-accessibility-text-original=\"15px\"><strong>Der Prozess der Faltenbildung<\/strong>, Daher ist die Oberfl\u00e4che unregelm\u00e4\u00dfig faltig.<\/li>\n<\/ul>","protected":false},"excerpt":{"rendered":"<p>Viscose \/ Rayon yoryu fabric 60&#215;60 Viscose yoryu has a crinkled, plisse-like texture. It has a fluid drape and is perfect for blouses, dresses, skirts, scarves, and more. It\u2019s one of the classic rayon perfect for beachwear and summer dresses. 100% Viscose spun:\u00a0a fiber made of a blend of responsibly sourced raw wood Subtle texture: [&hellip;]<\/p>\n","protected":false},"featured_media":3722,"comment_status":"open","ping_status":"closed","template":"","meta":[],"product_brand":[],"product_cat":[430],"product_tag":[335,237,211],"class_list":{"0":"post-1089","1":"product","2":"type-product","3":"status-publish","4":"has-post-thumbnail","6":"product_cat-viscose-spun","7":"product_tag-crinkle","8":"product_tag-viscose-crinkle","9":"product_tag-viscose-spun","11":"first","12":"instock","13":"shipping-taxable","14":"product-type-simple"},"_links":{"self":[{"href":"https:\/\/dayatex.com\/de\/wp-json\/wp\/v2\/product\/1089","targetHints":{"allow":["GET"]}}],"collection":[{"href":"https:\/\/dayatex.com\/de\/wp-json\/wp\/v2\/product"}],"about":[{"href":"https:\/\/dayatex.com\/de\/wp-json\/wp\/v2\/types\/product"}],"replies":[{"embeddable":true,"href":"https:\/\/dayatex.com\/de\/wp-json\/wp\/v2\/comments?post=1089"}],"wp:featuredmedia":[{"embeddable":true,"href":"https:\/\/dayatex.com\/de\/wp-json\/wp\/v2\/media\/3722"}],"wp:attachment":[{"href":"https:\/\/dayatex.com\/de\/wp-json\/wp\/v2\/media?parent=1089"}],"wp:term":[{"taxonomy":"product_brand","embeddable":true,"href":"https:\/\/dayatex.com\/de\/wp-json\/wp\/v2\/product_brand?post=1089"},{"taxonomy":"product_cat","embeddable":true,"href":"https:\/\/dayatex.com\/de\/wp-json\/wp\/v2\/product_cat?post=1089"},{"taxonomy":"product_tag","embeddable":true,"href":"https:\/\/dayatex.com\/de\/wp-json\/wp\/v2\/product_tag?post=1089"}],"curies":[{"name":"wp","href":"https:\/\/api.w.org\/{rel}","templated":true}]}}