{"id":1103,"date":"2021-12-13T15:37:40","date_gmt":"2021-12-13T07:37:40","guid":{"rendered":"https:\/\/dayatex.com\/?post_type=product&#038;p=1103"},"modified":"2025-12-17T20:15:44","modified_gmt":"2025-12-17T12:15:44","slug":"pure-cotton-twill-fabric-40x40-pfd-pfp-rfp","status":"publish","type":"product","link":"https:\/\/dayatex.com\/de\/produkt\/pure-cotton-twill-fabric-40x40-pfd-pfp-rfp\/","title":{"rendered":"K\u00f6pergewebe aus reiner Baumwolle 40\u00d740 PFD, PFP, RFP"},"content":{"rendered":"<h4>Baumwollk\u00f6per 2\/1 Gewebe 40\u00d740 57\/58\u2033 145-150gsm<\/h4>\n<p>K\u00f6per ist ein Gewebe in Leinwandbindung, das auf die Antike zur\u00fcckgeht.<\/p>\n<p><span class=\"src\" data-group=\"0-0\">Die Garne liegen sehr dicht beieinander, was zu dem starken, dicken Stoff f\u00fchrt, den Sie kennen.\u00a0<\/span><\/p>\n<p>Baumwollk\u00f6per ergibt einen robusten Stoff - Denim, Chino, Gabardine und Drill sind allesamt Arten von K\u00f6perstoffen, die Sie als beliebtes Hosenmaterial erkennen werden.<\/p>\n<ul>\n<li><strong>100%Cotton<\/strong><\/li>\n<li data-open-accessibility-text-original=\"15px\"><strong>Sehr breit und Soft-Touch<\/strong><\/li>\n<li data-open-accessibility-text-original=\"15px\"><strong>OEKO-TEX<\/strong>\u00a0Standard 100 zertifiziert<\/li>\n<li><strong>BCI COTTON<\/strong>\u00a0KANN ANGEWIESEN WERDEN<\/li>\n<\/ul>","protected":false},"excerpt":{"rendered":"<p>Cotton\u00a0 twill 2\/1 Fabric 40&#215;40 57\/58&#8243; 145-150gsm Twill is a plain-weave fabric that dates to ancient times. The yarns are packed very closely together, resulting in that strong, thick fabric you know.\u00a0 Cotton twill results in a sturdy fabric\u2014in fact, denim, chino, gabardine, and drill are all types of twill fabric that you\u2019ll recognize as [&hellip;]<\/p>\n","protected":false},"featured_media":3734,"comment_status":"open","ping_status":"closed","template":"","meta":[],"product_brand":[],"product_cat":[428],"product_tag":[249,244,218],"class_list":{"0":"post-1103","1":"product","2":"type-product","3":"status-publish","4":"has-post-thumbnail","6":"product_cat-cotton","7":"product_tag-cotton","8":"product_tag-cotton-twill","9":"product_tag-twill","11":"first","12":"instock","13":"shipping-taxable","14":"product-type-simple"},"_links":{"self":[{"href":"https:\/\/dayatex.com\/de\/wp-json\/wp\/v2\/product\/1103","targetHints":{"allow":["GET"]}}],"collection":[{"href":"https:\/\/dayatex.com\/de\/wp-json\/wp\/v2\/product"}],"about":[{"href":"https:\/\/dayatex.com\/de\/wp-json\/wp\/v2\/types\/product"}],"replies":[{"embeddable":true,"href":"https:\/\/dayatex.com\/de\/wp-json\/wp\/v2\/comments?post=1103"}],"wp:featuredmedia":[{"embeddable":true,"href":"https:\/\/dayatex.com\/de\/wp-json\/wp\/v2\/media\/3734"}],"wp:attachment":[{"href":"https:\/\/dayatex.com\/de\/wp-json\/wp\/v2\/media?parent=1103"}],"wp:term":[{"taxonomy":"product_brand","embeddable":true,"href":"https:\/\/dayatex.com\/de\/wp-json\/wp\/v2\/product_brand?post=1103"},{"taxonomy":"product_cat","embeddable":true,"href":"https:\/\/dayatex.com\/de\/wp-json\/wp\/v2\/product_cat?post=1103"},{"taxonomy":"product_tag","embeddable":true,"href":"https:\/\/dayatex.com\/de\/wp-json\/wp\/v2\/product_tag?post=1103"}],"curies":[{"name":"wp","href":"https:\/\/api.w.org\/{rel}","templated":true}]}}