{"id":1204,"date":"2021-12-17T16:39:26","date_gmt":"2021-12-17T08:39:26","guid":{"rendered":"https:\/\/dayatex.com\/?post_type=product&#038;p=1204"},"modified":"2025-12-17T20:17:18","modified_gmt":"2025-12-17T12:17:18","slug":"midweight-tencel-twill-21x21-pfd-pfp-rfp","status":"publish","type":"product","link":"https:\/\/dayatex.com\/de\/produkt\/midweight-tencel-twill-21x21-pfd-pfp-rfp\/","title":{"rendered":"Mittelschwerer Tencel-K\u00f6per 21\u00d721 PFD PFP RFP"},"content":{"rendered":"<h4>Tencel-K\u00f6pergewebe 21\u00d721 58\/59\u2033 185-188gsm<\/h4>\n<p>Tencel Twill zeichnet sich durch einen flie\u00dfenden Fall und einen wunderbar subtilen Glanz aus;<\/p>\n<p>Dieses drapierte Gewebe hat eine weiche, geb\u00fcrstete Oberfl\u00e4che und eine ausgepr\u00e4gte K\u00f6perbindung, die sich auf der Haut samtig weich anf\u00fchlt.<\/p>\n<p>Dieser luxuri\u00f6se Stoff ist v\u00f6llig blickdicht und passt perfekt zu flie\u00dfenden Alltagskleidung sowie zu Ihren Lieblingsmustern f\u00fcr den Abend.<\/p>\n<ul>\n<li><strong>100%tencel<\/strong><\/li>\n<li data-open-accessibility-text-original=\"15px\"><strong>Sehr liebenswert und weich im Griff<\/strong><\/li>\n<li data-open-accessibility-text-original=\"15px\"><strong>OEKO-TEX<\/strong>\u00a0Standard 100 zertifiziert<\/li>\n<li><strong>Lenzing<\/strong>\u00a0<strong>Tencel<\/strong>\u00a0KANN ANGEWIESEN WERDEN<\/li>\n<\/ul>","protected":false},"excerpt":{"rendered":"<p>Tencel twill fabric 21&#215;21 58\/59&#8243; 185-188gsm Tencel Twill boasts a fluid drape with a beautifully subtle sheen; this drapey woven has a soft brushed finish and pronounced twill weave that feels velvety smooth against the skin. Fully opaque, this luxurious fabric pairs perfectly with flowy every day staples as well as your favourite evening wear [&hellip;]<\/p>\n","protected":false},"featured_media":3820,"comment_status":"open","ping_status":"closed","template":"","meta":[],"product_brand":[],"product_cat":[432],"product_tag":[356,218],"class_list":{"0":"post-1204","1":"product","2":"type-product","3":"status-publish","4":"has-post-thumbnail","6":"product_cat-tencel","7":"product_tag-tencel","8":"product_tag-twill","10":"first","11":"instock","12":"shipping-taxable","13":"product-type-simple"},"_links":{"self":[{"href":"https:\/\/dayatex.com\/de\/wp-json\/wp\/v2\/product\/1204","targetHints":{"allow":["GET"]}}],"collection":[{"href":"https:\/\/dayatex.com\/de\/wp-json\/wp\/v2\/product"}],"about":[{"href":"https:\/\/dayatex.com\/de\/wp-json\/wp\/v2\/types\/product"}],"replies":[{"embeddable":true,"href":"https:\/\/dayatex.com\/de\/wp-json\/wp\/v2\/comments?post=1204"}],"wp:featuredmedia":[{"embeddable":true,"href":"https:\/\/dayatex.com\/de\/wp-json\/wp\/v2\/media\/3820"}],"wp:attachment":[{"href":"https:\/\/dayatex.com\/de\/wp-json\/wp\/v2\/media?parent=1204"}],"wp:term":[{"taxonomy":"product_brand","embeddable":true,"href":"https:\/\/dayatex.com\/de\/wp-json\/wp\/v2\/product_brand?post=1204"},{"taxonomy":"product_cat","embeddable":true,"href":"https:\/\/dayatex.com\/de\/wp-json\/wp\/v2\/product_cat?post=1204"},{"taxonomy":"product_tag","embeddable":true,"href":"https:\/\/dayatex.com\/de\/wp-json\/wp\/v2\/product_tag?post=1204"}],"curies":[{"name":"wp","href":"https:\/\/api.w.org\/{rel}","templated":true}]}}