{"id":1237,"date":"2021-12-22T11:17:51","date_gmt":"2021-12-22T03:17:51","guid":{"rendered":"https:\/\/dayatex.com\/?post_type=product&#038;p=1237"},"modified":"2025-12-17T20:17:49","modified_gmt":"2025-12-17T12:17:49","slug":"viscose-spun-rayon-slub-plain-fabric-21x21-pfd-pfp-rfp","status":"publish","type":"product","link":"https:\/\/dayatex.com\/de\/produkt\/viscose-spun-rayon-slub-plain-fabric-21x21-pfd-pfp-rfp\/","title":{"rendered":"Viskose-Spinnviskose Slub-Gewebe 21X21 PFD, PFP, RFP"},"content":{"rendered":"<h4>Viskose spun Rayon Slub uni Stoff 21X21<\/h4>\n<p>Viskose ist eine gute Wahl, wenn Sie nach einem <b>leichtes Material<\/b>\u00a0mit einem sch\u00f6nen Faltenwurf, einer gl\u00e4nzenden Oberfl\u00e4che und einem weichen Griff.<\/p>\n<p>Es ist relativ preiswert und kann Luxus zu einem viel niedrigeren Preis vermitteln.<\/p>\n<p>Er hat einen flie\u00dfenden Fall und eignet sich perfekt f\u00fcr Blusen, Kleider, R\u00f6cke, Schals und mehr.<\/p>\n<p>Es ist einer der Klassiker unter den Viskosegeweben und eignet sich perfekt f\u00fcr Strandmode und Sommerkleider.<\/p>\n<ul>\n<li data-open-accessibility-text-original=\"15px\"><strong>100% Gesponnene Viskose:<\/strong>\u00a0eine Faser, die aus einer Mischung aus verantwortungsvoll beschafftem Rohholz besteht<\/li>\n<li data-open-accessibility-text-original=\"15px\"><strong>Subtile Textur<\/strong>: hat einen sch\u00f6nen Faltenwurf und f\u00fchlt sich k\u00fchl an.<\/li>\n<li data-open-accessibility-text-original=\"15px\"><strong>OEKO-TEX<\/strong>\u00a0Standard 100 zertifiziert<\/li>\n<li><strong>\u00d6ko-Vero-Viskose<\/strong>\u00a0ist praktikabel<\/li>\n<li data-open-accessibility-text-original=\"15px\"><strong>Der Prozess der Faltenbildung<\/strong>, Daher ist die Oberfl\u00e4che unregelm\u00e4\u00dfig faltig.<\/li>\n<\/ul>","protected":false},"excerpt":{"rendered":"<p>Viscose spun Rayon Slub plain fabric 21X21 Viscose is a great option if you&#8217;re looking for a lightweight material\u00a0with a nice drape, a lustrous finish, and a soft feel. It is relatively inexpensive and can convey luxury for a much lower price point It has a fluid drape and is perfect for blouses, dresses, skirts, [&hellip;]<\/p>\n","protected":false},"featured_media":3848,"comment_status":"open","ping_status":"closed","template":"","meta":[],"product_brand":[],"product_cat":[430],"product_tag":[375,211],"class_list":{"0":"post-1237","1":"product","2":"type-product","3":"status-publish","4":"has-post-thumbnail","6":"product_cat-viscose-spun","7":"product_tag-slub","8":"product_tag-viscose-spun","10":"first","11":"instock","12":"shipping-taxable","13":"product-type-simple"},"_links":{"self":[{"href":"https:\/\/dayatex.com\/de\/wp-json\/wp\/v2\/product\/1237","targetHints":{"allow":["GET"]}}],"collection":[{"href":"https:\/\/dayatex.com\/de\/wp-json\/wp\/v2\/product"}],"about":[{"href":"https:\/\/dayatex.com\/de\/wp-json\/wp\/v2\/types\/product"}],"replies":[{"embeddable":true,"href":"https:\/\/dayatex.com\/de\/wp-json\/wp\/v2\/comments?post=1237"}],"wp:featuredmedia":[{"embeddable":true,"href":"https:\/\/dayatex.com\/de\/wp-json\/wp\/v2\/media\/3848"}],"wp:attachment":[{"href":"https:\/\/dayatex.com\/de\/wp-json\/wp\/v2\/media?parent=1237"}],"wp:term":[{"taxonomy":"product_brand","embeddable":true,"href":"https:\/\/dayatex.com\/de\/wp-json\/wp\/v2\/product_brand?post=1237"},{"taxonomy":"product_cat","embeddable":true,"href":"https:\/\/dayatex.com\/de\/wp-json\/wp\/v2\/product_cat?post=1237"},{"taxonomy":"product_tag","embeddable":true,"href":"https:\/\/dayatex.com\/de\/wp-json\/wp\/v2\/product_tag?post=1237"}],"curies":[{"name":"wp","href":"https:\/\/api.w.org\/{rel}","templated":true}]}}