{"id":1286,"date":"2021-12-22T15:44:03","date_gmt":"2021-12-22T07:44:03","guid":{"rendered":"https:\/\/dayatex.com\/?post_type=product&#038;p=1286"},"modified":"2025-12-17T20:18:36","modified_gmt":"2025-12-17T12:18:36","slug":"cotton-twill-single-yarn-drill-heavier-twill-fabric-16x12","status":"publish","type":"product","link":"https:\/\/dayatex.com\/de\/produkt\/cotton-twill-single-yarn-drill-heavier-twill-fabric-16x12\/","title":{"rendered":"Baumwollk\u00f6per einf\u00e4dig gebohrt schweres Twillgewebe 16\u00d712"},"content":{"rendered":"<h4>Baumwollk\u00f6per einf\u00e4dig gebohrt schweres K\u00f6pergewebe 16\u00d712<\/h4>\n<p>K\u00f6per ist ein Gewebe in Leinwandbindung, das auf die Antike zur\u00fcckgeht.<\/p>\n<p><span class=\"src\" data-group=\"0-0\">Die Garne liegen sehr dicht beieinander, was zu dem starken, dicken Stoff f\u00fchrt, den Sie kennen.\u00a0<\/span><\/p>\n<p>Baumwollk\u00f6per ergibt einen robusten Stoff - Denim, Chino, Gabardine und Drill sind allesamt Arten von K\u00f6perstoffen, die Sie als beliebtes Hosenmaterial erkennen werden.<\/p>\n<ul>\n<li><strong>100%Cotton<\/strong><\/li>\n<li data-open-accessibility-text-original=\"15px\"><strong>Sehr breit und Soft-Touch<\/strong><\/li>\n<li data-open-accessibility-text-original=\"15px\"><strong>OEKO-TEX<\/strong>\u00a0Standard 100 zertifiziert<\/li>\n<li><strong>BCI COTTON<\/strong>\u00a0KANN ANGEWIESEN WERDEN<\/li>\n<\/ul>","protected":false},"excerpt":{"rendered":"<p>Cotton twill single-yarn drill heavier twill Fabric 16&#215;12 Twill is a plain-weave fabric that dates to ancient times. The yarns are packed very closely together, resulting in that strong, thick fabric you know.\u00a0 Cotton twill results in a sturdy fabric\u2014in fact, denim, chino, gabardine, and drill are all types of twill fabric that you\u2019ll recognize [&hellip;]<\/p>\n","protected":false},"featured_media":3891,"comment_status":"open","ping_status":"closed","template":"","meta":[],"product_brand":[],"product_cat":[428],"product_tag":[249,244],"class_list":{"0":"post-1286","1":"product","2":"type-product","3":"status-publish","4":"has-post-thumbnail","6":"product_cat-cotton","7":"product_tag-cotton","8":"product_tag-cotton-twill","10":"first","11":"instock","12":"shipping-taxable","13":"product-type-simple"},"_links":{"self":[{"href":"https:\/\/dayatex.com\/de\/wp-json\/wp\/v2\/product\/1286","targetHints":{"allow":["GET"]}}],"collection":[{"href":"https:\/\/dayatex.com\/de\/wp-json\/wp\/v2\/product"}],"about":[{"href":"https:\/\/dayatex.com\/de\/wp-json\/wp\/v2\/types\/product"}],"replies":[{"embeddable":true,"href":"https:\/\/dayatex.com\/de\/wp-json\/wp\/v2\/comments?post=1286"}],"wp:featuredmedia":[{"embeddable":true,"href":"https:\/\/dayatex.com\/de\/wp-json\/wp\/v2\/media\/3891"}],"wp:attachment":[{"href":"https:\/\/dayatex.com\/de\/wp-json\/wp\/v2\/media?parent=1286"}],"wp:term":[{"taxonomy":"product_brand","embeddable":true,"href":"https:\/\/dayatex.com\/de\/wp-json\/wp\/v2\/product_brand?post=1286"},{"taxonomy":"product_cat","embeddable":true,"href":"https:\/\/dayatex.com\/de\/wp-json\/wp\/v2\/product_cat?post=1286"},{"taxonomy":"product_tag","embeddable":true,"href":"https:\/\/dayatex.com\/de\/wp-json\/wp\/v2\/product_tag?post=1286"}],"curies":[{"name":"wp","href":"https:\/\/api.w.org\/{rel}","templated":true}]}}