{"id":1310,"date":"2021-12-22T16:45:27","date_gmt":"2021-12-22T08:45:27","guid":{"rendered":"https:\/\/dayatex.com\/?post_type=product&#038;p=1310"},"modified":"2025-12-17T20:10:53","modified_gmt":"2025-12-17T12:10:53","slug":"100cotton-plain-fabric-20x20-pfd-pfp-rfp","status":"publish","type":"product","link":"https:\/\/dayatex.com\/de\/produkt\/100cotton-plain-fabric-20x20-pfd-pfp-rfp\/","title":{"rendered":"100%Cotton Einfarbiges Gewebe 20\u00d720, PFD, PFP, RFP"},"content":{"rendered":"<h4>Baumwolle Einfarbiger Stoff 20\u00d720<\/h4>\n<p>Ein gewebter 100%-Baumwollstoff, der sich durch einen knackigen, glatten Griff und eine strukturierte Oberfl\u00e4che auszeichnet.<\/p>\n<p>Probieren Sie Baumwollpopeline wegen ihrer hohen Waschbest\u00e4ndigkeit und ihrer gedeckten, dezenten Farben f\u00fcr Blusen, Kleider, Hemden und Schlafanz\u00fcge oder f\u00fcr Wohnprojekte wie Akzentkissen, Vorh\u00e4nge und Servietten.<\/p>\n<p>Perfekt zum F\u00e4rben und f\u00fcr andere kreative Textilprojekte.<\/p>\n<ul>\n<li><strong>100%Cotton:<\/strong>\u00a0Reine Baumwolle macht den Stoff weicher;<\/li>\n<li data-open-accessibility-text-original=\"15px\"><strong>Mit dichtem Gewebe und weicher Oberfl\u00e4che<\/strong>, Dieser Stoff eignet sich hervorragend f\u00fcr Bekleidungs- und Quiltingprojekte.<\/li>\n<li data-open-accessibility-text-original=\"15px\"><strong>Ein unverzichtbarer Grundstoff<\/strong>\u00a0f\u00fcr Damenbekleidung, geeignet zum Bedrucken und F\u00e4rben;<\/li>\n<li data-open-accessibility-text-original=\"15px\"><strong>OEKO-TEX<\/strong>\u00a0Standard 100 zertifiziert<\/li>\n<li><strong>BCI COTTON<\/strong>\u00a0KANN ANGEWIESEN WERDEN<\/li>\n<\/ul>","protected":false},"excerpt":{"rendered":"<p>Cotton Plain fabric 20&#215;20 A woven 100% cotton fabric characterized by a crisp, smooth hand and structured feel. Try Cotton Poplin for its strong wash durability and more muted, subtle color on products from blouses, dresses, shirts, and pajamas, or home decor projects like accent pillows, curtains, and napkins. Perfect for dyeing and other creative [&hellip;]<\/p>\n","protected":false},"featured_media":3504,"comment_status":"open","ping_status":"closed","template":"","meta":[],"product_brand":[],"product_cat":[428],"product_tag":[249,278],"class_list":{"0":"post-1310","1":"product","2":"type-product","3":"status-publish","4":"has-post-thumbnail","6":"product_cat-cotton","7":"product_tag-cotton","8":"product_tag-plain","10":"first","11":"instock","12":"shipping-taxable","13":"product-type-simple"},"_links":{"self":[{"href":"https:\/\/dayatex.com\/de\/wp-json\/wp\/v2\/product\/1310","targetHints":{"allow":["GET"]}}],"collection":[{"href":"https:\/\/dayatex.com\/de\/wp-json\/wp\/v2\/product"}],"about":[{"href":"https:\/\/dayatex.com\/de\/wp-json\/wp\/v2\/types\/product"}],"replies":[{"embeddable":true,"href":"https:\/\/dayatex.com\/de\/wp-json\/wp\/v2\/comments?post=1310"}],"wp:featuredmedia":[{"embeddable":true,"href":"https:\/\/dayatex.com\/de\/wp-json\/wp\/v2\/media\/3504"}],"wp:attachment":[{"href":"https:\/\/dayatex.com\/de\/wp-json\/wp\/v2\/media?parent=1310"}],"wp:term":[{"taxonomy":"product_brand","embeddable":true,"href":"https:\/\/dayatex.com\/de\/wp-json\/wp\/v2\/product_brand?post=1310"},{"taxonomy":"product_cat","embeddable":true,"href":"https:\/\/dayatex.com\/de\/wp-json\/wp\/v2\/product_cat?post=1310"},{"taxonomy":"product_tag","embeddable":true,"href":"https:\/\/dayatex.com\/de\/wp-json\/wp\/v2\/product_tag?post=1310"}],"curies":[{"name":"wp","href":"https:\/\/api.w.org\/{rel}","templated":true}]}}