{"id":1401,"date":"2021-12-27T16:01:20","date_gmt":"2021-12-27T08:01:20","guid":{"rendered":"https:\/\/dayatex.com\/?post_type=product&#038;p=1401"},"modified":"2025-12-17T20:12:27","modified_gmt":"2025-12-17T12:12:27","slug":"hot-seller-viscose-rayon-yoryu-crinkle-crepe-fabric-with-lurex-r3080dx24","status":"publish","type":"product","link":"https:\/\/dayatex.com\/de\/produkt\/hot-seller-viscose-rayon-yoryu-crinkle-crepe-fabric-with-lurex-r3080dx24\/","title":{"rendered":"Hei\u00df begehrter Viskose\/Rayon Yoryu Crinkle Crepe Stoff mit Lurex R30+80Dx24"},"content":{"rendered":"<h4>Viskose\/Rayon Yoryu-Kr\u00e4uselkrepp mit Lurex R30+80Dx24<\/h4>\n<p>Viskose-Yoryu hat eine gekr\u00e4uselte, plisseeartige Textur.<\/p>\n<p>Er hat einen flie\u00dfenden Fall und eignet sich perfekt f\u00fcr Blusen, Kleider, R\u00f6cke, Schals und mehr.<\/p>\n<p>Es ist einer der Klassiker unter den Viskosegeweben und eignet sich perfekt f\u00fcr Strandmode und Sommerkleider.<\/p>\n<ul>\n<li data-open-accessibility-text-original=\"15px\"><strong>100% Gesponnene Viskose:<\/strong>\u00a0eine Faser, die aus einer Mischung aus verantwortungsvoll beschafftem Rohholz besteht<\/li>\n<li data-open-accessibility-text-original=\"15px\"><strong>Subtile Textur<\/strong>: hat einen sch\u00f6nen Faltenwurf und f\u00fchlt sich k\u00fchl an.<\/li>\n<li data-open-accessibility-text-original=\"15px\"><strong>OEKO-TEX<\/strong>\u00a0Standard 100 zertifiziert<\/li>\n<li><strong>\u00d6ko-Vero-Viskose<\/strong>\u00a0ist praktikabel<\/li>\n<li data-open-accessibility-text-original=\"15px\"><strong>Der Prozess der Faltenbildung<\/strong>, Daher ist die Oberfl\u00e4che unregelm\u00e4\u00dfig faltig.<\/li>\n<\/ul>","protected":false},"excerpt":{"rendered":"<p>Viscose\/ Rayon Yoryu crinkle crepe fabric with Lurex R30+80Dx24 Viscose yoryu has a crinkled, plisse-like texture. It has a fluid drape and is perfect for blouses, dresses, skirts, scarves, and more. It\u2019s one of the classic rayon perfect for beachwear and summer dresses. 100% Viscose spun:\u00a0a fiber made of a blend of responsibly sourced raw [&hellip;]<\/p>\n","protected":false},"featured_media":3588,"comment_status":"open","ping_status":"closed","template":"","meta":[],"product_brand":[],"product_cat":[430],"product_tag":[335,211],"class_list":{"0":"post-1401","1":"product","2":"type-product","3":"status-publish","4":"has-post-thumbnail","6":"product_cat-viscose-spun","7":"product_tag-crinkle","8":"product_tag-viscose-spun","10":"first","11":"instock","12":"shipping-taxable","13":"product-type-simple"},"_links":{"self":[{"href":"https:\/\/dayatex.com\/de\/wp-json\/wp\/v2\/product\/1401","targetHints":{"allow":["GET"]}}],"collection":[{"href":"https:\/\/dayatex.com\/de\/wp-json\/wp\/v2\/product"}],"about":[{"href":"https:\/\/dayatex.com\/de\/wp-json\/wp\/v2\/types\/product"}],"replies":[{"embeddable":true,"href":"https:\/\/dayatex.com\/de\/wp-json\/wp\/v2\/comments?post=1401"}],"wp:featuredmedia":[{"embeddable":true,"href":"https:\/\/dayatex.com\/de\/wp-json\/wp\/v2\/media\/3588"}],"wp:attachment":[{"href":"https:\/\/dayatex.com\/de\/wp-json\/wp\/v2\/media?parent=1401"}],"wp:term":[{"taxonomy":"product_brand","embeddable":true,"href":"https:\/\/dayatex.com\/de\/wp-json\/wp\/v2\/product_brand?post=1401"},{"taxonomy":"product_cat","embeddable":true,"href":"https:\/\/dayatex.com\/de\/wp-json\/wp\/v2\/product_cat?post=1401"},{"taxonomy":"product_tag","embeddable":true,"href":"https:\/\/dayatex.com\/de\/wp-json\/wp\/v2\/product_tag?post=1401"}],"curies":[{"name":"wp","href":"https:\/\/api.w.org\/{rel}","templated":true}]}}