{"id":1424,"date":"2021-12-27T17:18:32","date_gmt":"2021-12-27T09:18:32","guid":{"rendered":"https:\/\/dayatex.com\/?post_type=product&#038;p=1424"},"modified":"2025-12-17T20:12:47","modified_gmt":"2025-12-17T12:12:47","slug":"hot-seller-viscose-cdc-crepe-ggt-fabric-v75dxv75d-pfd-pfp-rfp","status":"publish","type":"product","link":"https:\/\/dayatex.com\/de\/produkt\/hot-seller-viscose-cdc-crepe-ggt-fabric-v75dxv75d-pfd-pfp-rfp\/","title":{"rendered":"Hei\u00dfer Verkauf Viskose CDC Krepp GGT Gewebe V75DXV75D PFD, PFP, RFP"},"content":{"rendered":"<h4>Viskose CDC-Krepp GGT-Gewebe V75DXV75D<\/h4>\n<p><span class=\"src\" data-group=\"0-0\">Dieser Stoff besteht aus Viskose 100%, einer Faser, die aus einer Mischung aus verantwortungsvoll beschafftem Rohholz hergestellt wird. \u00a0\u00a0<\/span><\/p>\n<p><span class=\"src\" data-group=\"0-1\">Die einzigartige Faserkonstruktion der Viskose hat verbesserte Leistungseigenschaften, die sie langlebig, seidig weich, temperaturregulierend und atmungsaktiv machen. \u00a0<\/span><\/p>\n<ul>\n<li data-open-accessibility-text-original=\"15px\"><strong>100% Viskose:<\/strong>\u00a0eine Faser, die aus einer Mischung aus verantwortungsvoll beschafftem Rohholz besteht<\/li>\n<li data-open-accessibility-text-original=\"15px\">\u00a0<strong>leicht und transparent in der Textur\u00a0<\/strong>f\u00fchlt sich weich und elastisch an, hat eine gute Luftdurchl\u00e4ssigkeit und Faltenwurf,<\/li>\n<li data-open-accessibility-text-original=\"15px\"><strong>OEKO-TEX<\/strong>\u00a0Standard 100 zertifiziert<\/li>\n<li><strong>RCS- oder GRS-Viskose<\/strong>\u00a0ist praktikabel<\/li>\n<li data-open-accessibility-text-original=\"15px\"><strong>Prozess der Faltenbildung<\/strong>, so ist die Oberfl\u00e4che unregelm\u00e4\u00dfig faltig<\/li>\n<\/ul>","protected":false},"excerpt":{"rendered":"<p>Viscose CDC crepe GGT Fabric V75DXV75D This fabric is made of 100% viscose, a fiber made from a blend of responsibly sourced raw wood. \u00a0\u00a0 The unique fiber construction of viscose has enhanced performance qualities that make them durable, silky soft, temperature regulating, and breathable. \u00a0 100% Viscose:\u00a0a fiber made of a blend of responsibly [&hellip;]<\/p>\n","protected":false},"featured_media":3527,"comment_status":"open","ping_status":"closed","template":"","meta":[],"product_brand":[],"product_cat":[427],"product_tag":[408,221,192,187],"class_list":{"0":"post-1424","1":"product","2":"type-product","3":"status-publish","4":"has-post-thumbnail","6":"product_cat-viscose","7":"product_tag-cdc","8":"product_tag-crepe","9":"product_tag-georgette","10":"product_tag-viscose","12":"first","13":"instock","14":"shipping-taxable","15":"product-type-simple"},"_links":{"self":[{"href":"https:\/\/dayatex.com\/de\/wp-json\/wp\/v2\/product\/1424","targetHints":{"allow":["GET"]}}],"collection":[{"href":"https:\/\/dayatex.com\/de\/wp-json\/wp\/v2\/product"}],"about":[{"href":"https:\/\/dayatex.com\/de\/wp-json\/wp\/v2\/types\/product"}],"replies":[{"embeddable":true,"href":"https:\/\/dayatex.com\/de\/wp-json\/wp\/v2\/comments?post=1424"}],"wp:featuredmedia":[{"embeddable":true,"href":"https:\/\/dayatex.com\/de\/wp-json\/wp\/v2\/media\/3527"}],"wp:attachment":[{"href":"https:\/\/dayatex.com\/de\/wp-json\/wp\/v2\/media?parent=1424"}],"wp:term":[{"taxonomy":"product_brand","embeddable":true,"href":"https:\/\/dayatex.com\/de\/wp-json\/wp\/v2\/product_brand?post=1424"},{"taxonomy":"product_cat","embeddable":true,"href":"https:\/\/dayatex.com\/de\/wp-json\/wp\/v2\/product_cat?post=1424"},{"taxonomy":"product_tag","embeddable":true,"href":"https:\/\/dayatex.com\/de\/wp-json\/wp\/v2\/product_tag?post=1424"}],"curies":[{"name":"wp","href":"https:\/\/api.w.org\/{rel}","templated":true}]}}