{"id":1471,"date":"2021-12-28T13:35:35","date_gmt":"2021-12-28T05:35:35","guid":{"rendered":"https:\/\/dayatex.com\/?post_type=product&#038;p=1471"},"modified":"2025-12-17T20:13:32","modified_gmt":"2025-12-17T12:13:32","slug":"hot-seller-viscose-rayon-jacquard-40x32-pfd-pfp-rfp","status":"publish","type":"product","link":"https:\/\/dayatex.com\/de\/produkt\/hot-seller-viscose-rayon-jacquard-40x32-pfd-pfp-rfp\/","title":{"rendered":"Hei\u00df begehrt - Viskose \/ Rayon Jacquard 40\u00d732 PFD, PFP, RFP"},"content":{"rendered":"<h4>Viskose \/ Rayon Punktdobby 40\u00d732<\/h4>\n<p><span class=\"a-list-item\">Dieser leichte, ultraweiche Viskose-Schaftstoff ist halbdurchsichtig und eignet sich perfekt f\u00fcr flie\u00dfende Blusen, Kleider, Badeanz\u00fcge, Bauernblusen, R\u00f6cke und sogar Schals.<\/span><\/p>\n<p>Perfekt zum F\u00e4rben und f\u00fcr andere kreative Textilprojekte.<\/p>\n<ul>\n<li><strong>100% Spinnviskose\/Viskose:<\/strong>\u00a0Reine Viskose macht den Stoff weicher;<\/li>\n<li data-open-accessibility-text-original=\"15px\"><span class=\"tgt\" data-section=\"1\" data-sentence=\"0\" data-group=\"1-0\"><strong>Leichte, seidige Textur,<\/strong>\u00a0Weiches und angenehmes Gef\u00fchl, hohe Luftdurchl\u00e4ssigkeit, gute Feuchtigkeitsaufnahme;<\/span><\/li>\n<li data-open-accessibility-text-original=\"15px\"><strong>Ein unverzichtbarer Grundstoff<\/strong>\u00a0f\u00fcr Damenbekleidung, geeignet zum Bedrucken und F\u00e4rben;<\/li>\n<li data-open-accessibility-text-original=\"15px\"><strong>OEKO-TEX<\/strong>\u00a0Standard 100 zertifiziert<\/li>\n<li data-open-accessibility-text-original=\"15px\"><strong>\u00d6ko-Vero-Viskose<\/strong> ist praktikabel<\/li>\n<\/ul>","protected":false},"excerpt":{"rendered":"<p>Viscose \/ Rayon dot dobby 40&#215;32 This lightweight ultra-soft rayon dobby fabric is semi-sheer and perfect for flowing blouses dresses bathing suit cover ups peasant blouses skirts and even scarves. Perfect for dyeing and other creative textile projects. 100% Viscose spun\/ Rayon:\u00a0Pure rayon makes the fabric softer; Light silky texture,\u00a0soft and comfortable feel, strong air [&hellip;]<\/p>\n","protected":false},"featured_media":3649,"comment_status":"open","ping_status":"closed","template":"","meta":[],"product_brand":[],"product_cat":[430],"product_tag":[271,413,211],"class_list":{"0":"post-1471","1":"product","2":"type-product","3":"status-publish","4":"has-post-thumbnail","6":"product_cat-viscose-spun","7":"product_tag-dobby","8":"product_tag-viscose-jacquard","9":"product_tag-viscose-spun","11":"first","12":"instock","13":"shipping-taxable","14":"product-type-simple"},"_links":{"self":[{"href":"https:\/\/dayatex.com\/de\/wp-json\/wp\/v2\/product\/1471","targetHints":{"allow":["GET"]}}],"collection":[{"href":"https:\/\/dayatex.com\/de\/wp-json\/wp\/v2\/product"}],"about":[{"href":"https:\/\/dayatex.com\/de\/wp-json\/wp\/v2\/types\/product"}],"replies":[{"embeddable":true,"href":"https:\/\/dayatex.com\/de\/wp-json\/wp\/v2\/comments?post=1471"}],"wp:featuredmedia":[{"embeddable":true,"href":"https:\/\/dayatex.com\/de\/wp-json\/wp\/v2\/media\/3649"}],"wp:attachment":[{"href":"https:\/\/dayatex.com\/de\/wp-json\/wp\/v2\/media?parent=1471"}],"wp:term":[{"taxonomy":"product_brand","embeddable":true,"href":"https:\/\/dayatex.com\/de\/wp-json\/wp\/v2\/product_brand?post=1471"},{"taxonomy":"product_cat","embeddable":true,"href":"https:\/\/dayatex.com\/de\/wp-json\/wp\/v2\/product_cat?post=1471"},{"taxonomy":"product_tag","embeddable":true,"href":"https:\/\/dayatex.com\/de\/wp-json\/wp\/v2\/product_tag?post=1471"}],"curies":[{"name":"wp","href":"https:\/\/api.w.org\/{rel}","templated":true}]}}