{"id":1483,"date":"2021-12-28T14:12:20","date_gmt":"2021-12-28T06:12:20","guid":{"rendered":"https:\/\/dayatex.com\/?post_type=product&#038;p=1483"},"modified":"2025-12-17T20:13:43","modified_gmt":"2025-12-17T12:13:43","slug":"fine-cotton-stretch-sateen-60x6040d-fabric-pfd-pfp-rfp","status":"publish","type":"product","link":"https:\/\/dayatex.com\/de\/produkt\/fine-cotton-stretch-sateen-60x6040d-fabric-pfd-pfp-rfp\/","title":{"rendered":"Feiner Baumwoll-Stretch-Satin 60\u00d760+40D Stoff PFD, PFP, RFP"},"content":{"rendered":"<h4>Baumwoll-Stretch-Satin 60\u00d760+40D<\/h4>\n<p>Der einzigartige Glanz des Satins macht den Stoff sehr attraktiv.<\/p>\n<p>Ein frischer und eleganter Stoff, der den Glanz des Satingewebes mit der K\u00fchle und dem Komfort der Stretch-Baumwolle verbindet.<\/p>\n<p>Geeignet zum N\u00e4hen von Fr\u00fchlings-\/Sommerkleidern, Hosen, R\u00f6cken, Jacken und leichten M\u00e4nteln, entweder elegant oder leger.<\/p>\n<ul>\n<li><strong>98%Cotton 2%Spandex:<\/strong>\u00a0Baumwolle mit Elastik, Elastizit\u00e4t sorgt daf\u00fcr, dass die Kleidung enger am K\u00f6rper anliegt;<\/li>\n<li data-open-accessibility-text-original=\"15px\"><strong>Sehr liebenswert und weich im Griff<\/strong><\/li>\n<li data-open-accessibility-text-original=\"15px\"><strong>OEKO-TEX<\/strong>\u00a0Standard 100 zertifiziert<\/li>\n<li><strong>BCI COTTON<\/strong>\u00a0KANN ANGEWIESEN WERDEN<\/li>\n<\/ul>","protected":false},"excerpt":{"rendered":"<p>Cotton Stretch sateen 60&#215;60+40D The unique gloss of satin makes the fabric very attractive. A fresh and elegant fabric that combines the sheen of the satin weave with the coolness and comfort of the stretch cotton. Suitable for sewing spring\/summer dresses, trousers, skirts, jackets, and lightweight coats, either elegant or casual. 98%Cotton 2%Spandex:\u00a0Cotton with Elastic, [&hellip;]<\/p>\n","protected":false},"featured_media":3660,"comment_status":"open","ping_status":"closed","template":"","meta":[],"product_brand":[],"product_cat":[428],"product_tag":[249,185],"class_list":{"0":"post-1483","1":"product","2":"type-product","3":"status-publish","4":"has-post-thumbnail","6":"product_cat-cotton","7":"product_tag-cotton","8":"product_tag-sateen","10":"first","11":"instock","12":"shipping-taxable","13":"product-type-simple"},"_links":{"self":[{"href":"https:\/\/dayatex.com\/de\/wp-json\/wp\/v2\/product\/1483","targetHints":{"allow":["GET"]}}],"collection":[{"href":"https:\/\/dayatex.com\/de\/wp-json\/wp\/v2\/product"}],"about":[{"href":"https:\/\/dayatex.com\/de\/wp-json\/wp\/v2\/types\/product"}],"replies":[{"embeddable":true,"href":"https:\/\/dayatex.com\/de\/wp-json\/wp\/v2\/comments?post=1483"}],"wp:featuredmedia":[{"embeddable":true,"href":"https:\/\/dayatex.com\/de\/wp-json\/wp\/v2\/media\/3660"}],"wp:attachment":[{"href":"https:\/\/dayatex.com\/de\/wp-json\/wp\/v2\/media?parent=1483"}],"wp:term":[{"taxonomy":"product_brand","embeddable":true,"href":"https:\/\/dayatex.com\/de\/wp-json\/wp\/v2\/product_brand?post=1483"},{"taxonomy":"product_cat","embeddable":true,"href":"https:\/\/dayatex.com\/de\/wp-json\/wp\/v2\/product_cat?post=1483"},{"taxonomy":"product_tag","embeddable":true,"href":"https:\/\/dayatex.com\/de\/wp-json\/wp\/v2\/product_tag?post=1483"}],"curies":[{"name":"wp","href":"https:\/\/api.w.org\/{rel}","templated":true}]}}