{"id":1493,"date":"2021-12-28T14:40:26","date_gmt":"2021-12-28T06:40:26","guid":{"rendered":"https:\/\/dayatex.com\/?post_type=product&#038;p=1493"},"modified":"2025-12-17T20:13:53","modified_gmt":"2025-12-17T12:13:53","slug":"hot-sellers-pure-linen-plain-fabric-21x21-pfd-pfp-rfp","status":"publish","type":"product","link":"https:\/\/dayatex.com\/de\/produkt\/hot-sellers-pure-linen-plain-fabric-21x21-pfd-pfp-rfp\/","title":{"rendered":"Hei\u00df begehrt - Reines Leinen Einfarbiger Stoff 21\u00d721 PFD, PFP, RFP"},"content":{"rendered":"<h4>Reines Leinen, einfarbig, 21\u00d721<\/h4>\n<p>Die Eigenschaften von Leinengewebe,\u00a0<span class=\"transSent\" data-group=\"0-1\">robust, knackig, hohe Festigkeit, Korrosionsbest\u00e4ndigkeit und hohe W\u00e4rmeableitungsfunktion;<\/span><\/p>\n<ul>\n<li data-open-accessibility-text-original=\"15px\"><strong>100%linen:<\/strong>\u00a0reiner Leinen-Effekt; geeignet f\u00fcr Top, Hose, Shorts, Bluse, Kleider...<\/li>\n<li data-open-accessibility-text-original=\"15px\"><strong><span class=\"transSent\" data-group=\"0-0\">hautfreundlich:\u00a0<\/span><\/strong>Der Waschvorgang macht den Stoff bequemer und weicher<\/li>\n<li data-open-accessibility-text-original=\"15px\"><strong>Leinengewebe<\/strong>\u00a0und eine komfortable sexuelle Funktion sind garantiert.<\/li>\n<li data-open-accessibility-text-original=\"15px\"><strong>OEKO-TEX<\/strong>\u00a0Standard 100 zertifiziert<\/li>\n<li data-open-accessibility-text-original=\"15px\"><strong>Europ\u00e4ischer Flachs kann empfohlen werden.<\/strong><\/li>\n<\/ul>","protected":false},"excerpt":{"rendered":"<p>Pure linen plain fabric\u00a0 21&#215;21 The characteristics of linen fabric,\u00a0rugged, crisp, high strength, corrosion resistance, and high heat dissipation function; 100%linen:\u00a0sheer linen effect; suitable for top, pants, shorts, blouse, dresses\u2026 skin-friendly:\u00a0The washing process makes the fabric more comfortable and soft Linen fabrics\u00a0and comfortable sexual function are guaranteed. OEKO-TEX\u00a0Standard 100 certified European Flax can be advised.<\/p>","protected":false},"featured_media":3669,"comment_status":"open","ping_status":"closed","template":"","meta":[],"product_brand":[],"product_cat":[431],"product_tag":[202,278],"class_list":{"0":"post-1493","1":"product","2":"type-product","3":"status-publish","4":"has-post-thumbnail","6":"product_cat-linen","7":"product_tag-linen","8":"product_tag-plain","10":"first","11":"instock","12":"shipping-taxable","13":"product-type-simple"},"_links":{"self":[{"href":"https:\/\/dayatex.com\/de\/wp-json\/wp\/v2\/product\/1493","targetHints":{"allow":["GET"]}}],"collection":[{"href":"https:\/\/dayatex.com\/de\/wp-json\/wp\/v2\/product"}],"about":[{"href":"https:\/\/dayatex.com\/de\/wp-json\/wp\/v2\/types\/product"}],"replies":[{"embeddable":true,"href":"https:\/\/dayatex.com\/de\/wp-json\/wp\/v2\/comments?post=1493"}],"wp:featuredmedia":[{"embeddable":true,"href":"https:\/\/dayatex.com\/de\/wp-json\/wp\/v2\/media\/3669"}],"wp:attachment":[{"href":"https:\/\/dayatex.com\/de\/wp-json\/wp\/v2\/media?parent=1493"}],"wp:term":[{"taxonomy":"product_brand","embeddable":true,"href":"https:\/\/dayatex.com\/de\/wp-json\/wp\/v2\/product_brand?post=1493"},{"taxonomy":"product_cat","embeddable":true,"href":"https:\/\/dayatex.com\/de\/wp-json\/wp\/v2\/product_cat?post=1493"},{"taxonomy":"product_tag","embeddable":true,"href":"https:\/\/dayatex.com\/de\/wp-json\/wp\/v2\/product_tag?post=1493"}],"curies":[{"name":"wp","href":"https:\/\/api.w.org\/{rel}","templated":true}]}}