{"id":4861,"date":"2026-05-04T11:51:41","date_gmt":"2026-05-04T03:51:41","guid":{"rendered":"https:\/\/dayatex.com\/?post_type=product&#038;p=4861"},"modified":"2026-05-04T13:12:47","modified_gmt":"2026-05-04T05:12:47","slug":"stripe77-rayon-22-nylon-and-1polyester-nylon-monofilament-rayon-polyester-black","status":"publish","type":"product","link":"https:\/\/dayatex.com\/de\/produkt\/stripe77-rayon-22-nylon-and-1polyester-nylon-monofilament-rayon-polyester-black\/","title":{"rendered":"Stripe77% Rayon, 22% Nylon und 1% Polyester Nylon Monofilament Rayon Polyester Schwarz"},"content":{"rendered":"<p>Der Stoff weist klare und regelm\u00e4\u00dfige schwarze Streifenmuster auf, schlicht und elegant mit reichen visuellen Ebenen. Er hat eine weiche und doch steife Haptik, gute Fallfestigkeit, kein Pilling oder Einlaufen. Weit verbreitet in Damenbekleidung, eignet er sich f\u00fcr verschiedene Kleidungsstile und ist die bevorzugte Wahl f\u00fcr Designer f\u00fcr die Herstellung hochwertiger Artikel.<\/p>\n\n\n\n<ul class=\"wp-block-list\">\n<li><strong>77% Viskose <\/strong>bietet ein weiches, hautfreundliches und atmungsaktives Tragegef\u00fchl mit einem sanften Glanz<\/li>\n<\/ul>\n\n\n\n<ul class=\"wp-block-list\">\n<li><strong>22% Nylon <\/strong>verbessert die Abriebfestigkeit und elastische R\u00fcckstellung des Gewebes und verhindert so Verformung und Faltenbildung<\/li>\n<\/ul>\n\n\n\n<ul class=\"wp-block-list\">\n<li><strong>1% Polyester<\/strong> optimiert die Dimensionsstabilit\u00e4t, reduziert die Schrumpfung und verbessert die Haltbarkeit.<\/li>\n<\/ul>\n\n\n\n<ul class=\"wp-block-list\">\n<li><strong>OEKO-TEX<\/strong>\u00a0Standard 100 zertifiziert<\/li>\n<\/ul>\n\n\n\n<p><\/p>","protected":false},"excerpt":{"rendered":"<p>Der Stoff weist klare und regelm\u00e4\u00dfige schwarze Streifenmuster auf, schlicht und elegant mit reichen visuellen Ebenen. Er hat eine weiche und doch steife Haptik, gute Fallfestigkeit, kein Pilling oder Einlaufen. Weit verbreitet in Damenbekleidung, eignet er sich f\u00fcr verschiedene Kleidungsstile und ist die bevorzugte Wahl f\u00fcr Designer f\u00fcr die Herstellung hochwertiger Artikel.<\/p>","protected":false},"featured_media":4872,"comment_status":"open","ping_status":"closed","template":"","meta":[],"product_brand":[],"product_cat":[],"product_tag":[],"class_list":{"0":"post-4861","1":"product","2":"type-product","3":"status-publish","4":"has-post-thumbnail","7":"first","8":"instock","9":"shipping-taxable","10":"product-type-simple"},"_links":{"self":[{"href":"https:\/\/dayatex.com\/de\/wp-json\/wp\/v2\/product\/4861","targetHints":{"allow":["GET"]}}],"collection":[{"href":"https:\/\/dayatex.com\/de\/wp-json\/wp\/v2\/product"}],"about":[{"href":"https:\/\/dayatex.com\/de\/wp-json\/wp\/v2\/types\/product"}],"replies":[{"embeddable":true,"href":"https:\/\/dayatex.com\/de\/wp-json\/wp\/v2\/comments?post=4861"}],"wp:featuredmedia":[{"embeddable":true,"href":"https:\/\/dayatex.com\/de\/wp-json\/wp\/v2\/media\/4872"}],"wp:attachment":[{"href":"https:\/\/dayatex.com\/de\/wp-json\/wp\/v2\/media?parent=4861"}],"wp:term":[{"taxonomy":"product_brand","embeddable":true,"href":"https:\/\/dayatex.com\/de\/wp-json\/wp\/v2\/product_brand?post=4861"},{"taxonomy":"product_cat","embeddable":true,"href":"https:\/\/dayatex.com\/de\/wp-json\/wp\/v2\/product_cat?post=4861"},{"taxonomy":"product_tag","embeddable":true,"href":"https:\/\/dayatex.com\/de\/wp-json\/wp\/v2\/product_tag?post=4861"}],"curies":[{"name":"wp","href":"https:\/\/api.w.org\/{rel}","templated":true}]}}