{"id":4887,"date":"2026-05-04T16:49:56","date_gmt":"2026-05-04T08:49:56","guid":{"rendered":"https:\/\/dayatex.com\/?post_type=product&#038;p=4887"},"modified":"2026-05-04T16:49:58","modified_gmt":"2026-05-04T08:49:58","slug":"8-polyester-92-rayon-polyester-textured-yarn-rayon-plain-weave","status":"publish","type":"product","link":"https:\/\/dayatex.com\/de\/produkt\/8-polyester-92-rayon-polyester-textured-yarn-rayon-plain-weave\/","title":{"rendered":"8% Polyester  92% Rayon-Polyester-Strukturgewebe Rayon-Leinwandbindung"},"content":{"rendered":"<p>Es bietet hervorragende Feuchtigkeitsaufnahme, Atmungsaktivit\u00e4t und Fallsch\u00f6nheit und sorgt so f\u00fcr ein bequemes und leichtes Tragegef\u00fchl. Die Polyesterkomponente sorgt f\u00fcr gute Knitterfestigkeit, Formstabilit\u00e4t und Haltbarkeit, w\u00e4hrend hochdosiertes Rayon f\u00fcr au\u00dfergew\u00f6hnliche Weichheit, Hautfreundlichkeit und nat\u00fcrlichen Glanz sorgt.<\/p>\n\n\n\n<ul class=\"wp-block-list\">\n<li><strong>8% Polyester  92% Viskose<\/strong>\uff1aDieser hochwertige Leinwandgewebe-Stoff besteht aus einer Mischung aus texturiertem 8%-Polyestergarn und 92%-Rayon und zeichnet sich durch eine glatte, saubere und gleichm\u00e4\u00dfige Oberfl\u00e4che sowie einen weichen und zarten Griff aus.<\/li>\n<\/ul>\n\n\n\n<ul class=\"wp-block-list\">\n<li><strong>10D*R30S 152*76<\/strong>Dieser Leinwandbindungsstoff aus 10D texturiertem Polyester-Kettgarn und 30S-Rayon-Schussgarn mit einer Dichte von 152\u00d776 bietet ein weiches, glattes Griffgef\u00fchl, gute Atmungsaktivit\u00e4t, Knitterfestigkeit und exzellenten Fall, ideal f\u00fcr leichte Blusen, Kleider und Sommerkleidung.<\/li>\n<\/ul>\n\n\n\n<ul class=\"wp-block-list\">\n<li><strong>OEKO-TEX<\/strong>\u00a0Standard 100 zertifiziert<\/li>\n<\/ul>\n\n\n\n<p><\/p>","protected":false},"excerpt":{"rendered":"<p>Es bietet hervorragende Feuchtigkeitsaufnahme, Atmungsaktivit\u00e4t und Fallsch\u00f6nheit und sorgt so f\u00fcr ein bequemes und leichtes Tragegef\u00fchl. Die Polyesterkomponente sorgt f\u00fcr gute Knitterfestigkeit, Formstabilit\u00e4t und Haltbarkeit, w\u00e4hrend hochdosiertes Rayon f\u00fcr au\u00dfergew\u00f6hnliche Weichheit, Hautfreundlichkeit und nat\u00fcrlichen Glanz sorgt.<\/p>","protected":false},"featured_media":4890,"comment_status":"open","ping_status":"closed","template":"","meta":[],"product_brand":[],"product_cat":[430],"product_tag":[],"class_list":{"0":"post-4887","1":"product","2":"type-product","3":"status-publish","4":"has-post-thumbnail","6":"product_cat-viscose-spun","8":"first","9":"instock","10":"shipping-taxable","11":"product-type-simple"},"_links":{"self":[{"href":"https:\/\/dayatex.com\/de\/wp-json\/wp\/v2\/product\/4887","targetHints":{"allow":["GET"]}}],"collection":[{"href":"https:\/\/dayatex.com\/de\/wp-json\/wp\/v2\/product"}],"about":[{"href":"https:\/\/dayatex.com\/de\/wp-json\/wp\/v2\/types\/product"}],"replies":[{"embeddable":true,"href":"https:\/\/dayatex.com\/de\/wp-json\/wp\/v2\/comments?post=4887"}],"wp:featuredmedia":[{"embeddable":true,"href":"https:\/\/dayatex.com\/de\/wp-json\/wp\/v2\/media\/4890"}],"wp:attachment":[{"href":"https:\/\/dayatex.com\/de\/wp-json\/wp\/v2\/media?parent=4887"}],"wp:term":[{"taxonomy":"product_brand","embeddable":true,"href":"https:\/\/dayatex.com\/de\/wp-json\/wp\/v2\/product_brand?post=4887"},{"taxonomy":"product_cat","embeddable":true,"href":"https:\/\/dayatex.com\/de\/wp-json\/wp\/v2\/product_cat?post=4887"},{"taxonomy":"product_tag","embeddable":true,"href":"https:\/\/dayatex.com\/de\/wp-json\/wp\/v2\/product_tag?post=4887"}],"curies":[{"name":"wp","href":"https:\/\/api.w.org\/{rel}","templated":true}]}}