{"id":4891,"date":"2026-05-04T17:00:57","date_gmt":"2026-05-04T09:00:57","guid":{"rendered":"https:\/\/dayatex.com\/?post_type=product&#038;p=4891"},"modified":"2026-05-04T17:00:59","modified_gmt":"2026-05-04T09:00:59","slug":"73-rayon-and-27-polyester-filament-golden-light-cotton-polyester-filament-rayon-satin","status":"publish","type":"product","link":"https:\/\/dayatex.com\/de\/produkt\/73-rayon-and-27-polyester-filament-golden-light-cotton-polyester-filament-rayon-satin\/","title":{"rendered":"73% Rayon und 27% Polyesterfilament \u201eGolden Light Cotton\u201c (Satin aus Polyesterfilament und Rayon)"},"content":{"rendered":"<p>Es liefert eine subtil gl\u00e4nzende Oberfl\u00e4che, ein weiches Griffgef\u00fchl, exzellenten Fall und gute Knitterfestigkeit. Atmungsaktiv, bequem und stilvoll, ist es ideal f\u00fcr Sommerblusen, Kleider, R\u00f6cke und leichte Freizeitkleidung.<\/p>\n\n\n\n<ul class=\"wp-block-list\">\n<li><strong>73% Rayon- und 27% Polyester-Filament<\/strong>\uff1aDieser Stoff besteht aus einer Mischung aus 73%-Rayon, das f\u00fcr Weichheit, Atmungsaktivit\u00e4t und hervorragenden Fall sorgt, sowie 27%-Polyesterfilament, das einen eleganten Glanz, Knitterfestigkeit und Formbest\u00e4ndigkeit bietet. Er vereint somit auf perfekte Weise hohen Tragekomfort mit edler Optik und einfacher Pflege.<\/li>\n<\/ul>\n\n\n\n<ul class=\"wp-block-list\">\n<li><strong>T20D*R30S<\/strong>Der Kettfaden besteht aus ultrafeinem 20D-Polyestergarn f\u00fcr eine glatte Oberfl\u00e4che und einen eleganten Glanz, w\u00e4hrend der Schussfaden aus 30S-Rayongarn gefertigt ist, um ein weiches Gef\u00fchl, hervorragende Atmungsaktivit\u00e4t und perfekte Falltiefe zu erzielen.<\/li>\n<\/ul>\n\n\n\n<ul class=\"wp-block-list\">\n<li><strong>Goldene Lichtbaumwolle<\/strong> ist ein Satinstoff mit einem weichen goldenen, dezenten Glanz. Er vereint die Weichheit, Atmungsaktivit\u00e4t und den exzellenten Fall von Viskose mit der glatten, gl\u00e4nzenden Oberfl\u00e4che, Knitterfestigkeit und stabilen Form von Polyester Filament und pr\u00e4sentiert eine elegante seidige Haptik und ein hochwertiges Aussehen f\u00fcr Damenmode im Sommer.<\/li>\n<\/ul>\n\n\n\n<ul class=\"wp-block-list\">\n<li><strong>OEKO-TEX<\/strong>\u00a0Standard 100 zertifiziert<\/li>\n<\/ul>","protected":false},"excerpt":{"rendered":"<p>Es liefert eine subtil gl\u00e4nzende Oberfl\u00e4che, ein weiches Griffgef\u00fchl, exzellenten Fall und gute Knitterfestigkeit. Atmungsaktiv, bequem und stilvoll, ist es ideal f\u00fcr Sommerblusen, Kleider, R\u00f6cke und leichte Freizeitkleidung.<\/p>","protected":false},"featured_media":4893,"comment_status":"open","ping_status":"closed","template":"","meta":[],"product_brand":[],"product_cat":[430],"product_tag":[],"class_list":{"0":"post-4891","1":"product","2":"type-product","3":"status-publish","4":"has-post-thumbnail","6":"product_cat-viscose-spun","8":"first","9":"instock","10":"shipping-taxable","11":"product-type-simple"},"_links":{"self":[{"href":"https:\/\/dayatex.com\/de\/wp-json\/wp\/v2\/product\/4891","targetHints":{"allow":["GET"]}}],"collection":[{"href":"https:\/\/dayatex.com\/de\/wp-json\/wp\/v2\/product"}],"about":[{"href":"https:\/\/dayatex.com\/de\/wp-json\/wp\/v2\/types\/product"}],"replies":[{"embeddable":true,"href":"https:\/\/dayatex.com\/de\/wp-json\/wp\/v2\/comments?post=4891"}],"wp:featuredmedia":[{"embeddable":true,"href":"https:\/\/dayatex.com\/de\/wp-json\/wp\/v2\/media\/4893"}],"wp:attachment":[{"href":"https:\/\/dayatex.com\/de\/wp-json\/wp\/v2\/media?parent=4891"}],"wp:term":[{"taxonomy":"product_brand","embeddable":true,"href":"https:\/\/dayatex.com\/de\/wp-json\/wp\/v2\/product_brand?post=4891"},{"taxonomy":"product_cat","embeddable":true,"href":"https:\/\/dayatex.com\/de\/wp-json\/wp\/v2\/product_cat?post=4891"},{"taxonomy":"product_tag","embeddable":true,"href":"https:\/\/dayatex.com\/de\/wp-json\/wp\/v2\/product_tag?post=4891"}],"curies":[{"name":"wp","href":"https:\/\/api.w.org\/{rel}","templated":true}]}}