{"id":4902,"date":"2026-05-04T17:17:09","date_gmt":"2026-05-04T09:17:09","guid":{"rendered":"https:\/\/dayatex.com\/?post_type=product&#038;p=4902"},"modified":"2026-05-04T17:17:11","modified_gmt":"2026-05-04T09:17:11","slug":"15-nylon-85-rayon-nylon-filament-rayon-irregular-stripe-2","status":"publish","type":"product","link":"https:\/\/dayatex.com\/de\/produkt\/15-nylon-85-rayon-nylon-filament-rayon-irregular-stripe-2\/","title":{"rendered":"15% Nylon  85% Rayon-Nylon  Filament-Rayon mit unregelm\u00e4\u00dfigen Streifen"},"content":{"rendered":"<p>Mit einer einzigartigen, nat\u00fcrlich unregelm\u00e4\u00dfigen Streifenstruktur auf der Oberfl\u00e4che bietet der Stoff ein weiches Griffgef\u00fchl, eine l\u00e4ssige Lagenstruktur und ein angenehmes Tragegef\u00fchl. Er ist ideal f\u00fcr modische Damenblusen, Freizeitkleider, R\u00f6cke und Sommerbekleidung f\u00fcr den Alltag.<\/p>\n\n\n\n<ul class=\"wp-block-list\">\n<li><strong>15% Nylon  85% Rayon-Nylon<\/strong>\uff1a85%-Rayon sorgt f\u00fcr Weichheit, Atmungsaktivit\u00e4t und einen hervorragenden Fall, w\u00e4hrend 15%-Nylon die Knitterfestigkeit, die Gewebefestigkeit, die Verschlei\u00dffestigkeit und die Formbest\u00e4ndigkeit verbessert.<\/li>\n<\/ul>\n\n\n\n<ul class=\"wp-block-list\">\n<li><strong>N20D*R40S<\/strong>Der Kettfaden besteht aus 20D ultrafeinem Nylonfilament f\u00fcr eine glatte Haptik und stabile Struktur, w\u00e4hrend der Schussfaden aus 40S hochgradigem Rayon f\u00fcr Weichheit, Atmungsaktivit\u00e4t und elegante Falltiefe verwendet wird.<\/li>\n<\/ul>\n\n\n\n<ul class=\"wp-block-list\">\n<li><strong>OEKO-TEX<\/strong>\u00a0Standard 100 zertifiziert<\/li>\n<\/ul>\n\n\n\n<p><\/p>","protected":false},"excerpt":{"rendered":"<p>Mit einer einzigartigen, nat\u00fcrlich unregelm\u00e4\u00dfigen Streifenstruktur auf der Oberfl\u00e4che bietet der Stoff ein weiches Griffgef\u00fchl, eine l\u00e4ssige Lagenstruktur und ein angenehmes Tragegef\u00fchl. Er ist ideal f\u00fcr modische Damenblusen, Freizeitkleider, R\u00f6cke und Sommerbekleidung f\u00fcr den Alltag.<\/p>","protected":false},"featured_media":4904,"comment_status":"open","ping_status":"closed","template":"","meta":[],"product_brand":[],"product_cat":[430],"product_tag":[],"class_list":{"0":"post-4902","1":"product","2":"type-product","3":"status-publish","4":"has-post-thumbnail","6":"product_cat-viscose-spun","8":"first","9":"instock","10":"shipping-taxable","11":"product-type-simple"},"_links":{"self":[{"href":"https:\/\/dayatex.com\/de\/wp-json\/wp\/v2\/product\/4902","targetHints":{"allow":["GET"]}}],"collection":[{"href":"https:\/\/dayatex.com\/de\/wp-json\/wp\/v2\/product"}],"about":[{"href":"https:\/\/dayatex.com\/de\/wp-json\/wp\/v2\/types\/product"}],"replies":[{"embeddable":true,"href":"https:\/\/dayatex.com\/de\/wp-json\/wp\/v2\/comments?post=4902"}],"wp:featuredmedia":[{"embeddable":true,"href":"https:\/\/dayatex.com\/de\/wp-json\/wp\/v2\/media\/4904"}],"wp:attachment":[{"href":"https:\/\/dayatex.com\/de\/wp-json\/wp\/v2\/media?parent=4902"}],"wp:term":[{"taxonomy":"product_brand","embeddable":true,"href":"https:\/\/dayatex.com\/de\/wp-json\/wp\/v2\/product_brand?post=4902"},{"taxonomy":"product_cat","embeddable":true,"href":"https:\/\/dayatex.com\/de\/wp-json\/wp\/v2\/product_cat?post=4902"},{"taxonomy":"product_tag","embeddable":true,"href":"https:\/\/dayatex.com\/de\/wp-json\/wp\/v2\/product_tag?post=4902"}],"curies":[{"name":"wp","href":"https:\/\/api.w.org\/{rel}","templated":true}]}}