{"id":4906,"date":"2026-05-04T17:26:03","date_gmt":"2026-05-04T09:26:03","guid":{"rendered":"https:\/\/dayatex.com\/?post_type=product&#038;p=4906"},"modified":"2026-05-04T17:26:06","modified_gmt":"2026-05-04T09:26:06","slug":"93-lyocell-and-7-linen-lyocell-linen-plain-weave","status":"publish","type":"product","link":"https:\/\/dayatex.com\/de\/produkt\/93-lyocell-and-7-linen-lyocell-linen-plain-weave\/","title":{"rendered":"93% Lyocell und 7% Leinen-Lyocell-Leinen, Leinwandbindung"},"content":{"rendered":"<p>Der Stoff verf\u00fcgt \u00fcber eine saubere Leinwandbindungsoberfl\u00e4che, eine nat\u00fcrliche dezente Leinenstruktur, ein geringes Gewicht und angenehmes Tragegef\u00fchl, gute Fall- und knitterfreie Eigenschaften. Er eignet sich perfekt f\u00fcr die Herstellung von Sommerhemden, Kleidern, Freizeithosen und modischer Damenbekleidung f\u00fcr den Alltag.<\/p>\n\n\n\n<ul class=\"wp-block-list\">\n<li><strong>93% Lyocell und 7%<\/strong>\uff1a93% Lyocell zeichnet sich durch extreme Weichheit, Geschmeidigkeit und hervorragende Fallf\u00e4higkeit aus, w\u00e4hrend 7% Leinen eine nat\u00fcrliche Struktur, Knackigkeit und atmungsaktive Festigkeit f\u00fcr einen hochwertigen Casual-Look bietet.<\/li>\n<\/ul>\n\n\n\n<ul class=\"wp-block-list\">\n<li><strong>40*40+30 130*66<\/strong>Es verwendet Garnst\u00e4rke 40<em>40+30 und Webdichte 130<\/em>66, erzeugt eine feine, glatte Stoffoberfl\u00e4che mit nat\u00fcrlicher, dezenter Leinenstruktur, moderater Dicke und ausgezeichneter Luftdurchl\u00e4ssigkeit.<\/li>\n<\/ul>\n\n\n\n<ul class=\"wp-block-list\">\n<li><strong>OEKO-TEX<\/strong>\u00a0Standard 100 zertifiziert<\/li>\n<\/ul>\n\n\n\n<p><\/p>","protected":false},"excerpt":{"rendered":"<p>Der Stoff verf\u00fcgt \u00fcber eine saubere Leinwandbindungsoberfl\u00e4che, eine nat\u00fcrliche dezente Leinenstruktur, ein geringes Gewicht und angenehmes Tragegef\u00fchl, gute Fall- und knitterfreie Eigenschaften. Er eignet sich perfekt f\u00fcr die Herstellung von Sommerhemden, Kleidern, Freizeithosen und modischer Damenbekleidung f\u00fcr den Alltag.<\/p>","protected":false},"featured_media":4911,"comment_status":"open","ping_status":"closed","template":"","meta":[],"product_brand":[],"product_cat":[432,431],"product_tag":[],"class_list":{"0":"post-4906","1":"product","2":"type-product","3":"status-publish","4":"has-post-thumbnail","6":"product_cat-tencel","7":"product_cat-linen","9":"first","10":"instock","11":"shipping-taxable","12":"product-type-simple"},"_links":{"self":[{"href":"https:\/\/dayatex.com\/de\/wp-json\/wp\/v2\/product\/4906","targetHints":{"allow":["GET"]}}],"collection":[{"href":"https:\/\/dayatex.com\/de\/wp-json\/wp\/v2\/product"}],"about":[{"href":"https:\/\/dayatex.com\/de\/wp-json\/wp\/v2\/types\/product"}],"replies":[{"embeddable":true,"href":"https:\/\/dayatex.com\/de\/wp-json\/wp\/v2\/comments?post=4906"}],"wp:featuredmedia":[{"embeddable":true,"href":"https:\/\/dayatex.com\/de\/wp-json\/wp\/v2\/media\/4911"}],"wp:attachment":[{"href":"https:\/\/dayatex.com\/de\/wp-json\/wp\/v2\/media?parent=4906"}],"wp:term":[{"taxonomy":"product_brand","embeddable":true,"href":"https:\/\/dayatex.com\/de\/wp-json\/wp\/v2\/product_brand?post=4906"},{"taxonomy":"product_cat","embeddable":true,"href":"https:\/\/dayatex.com\/de\/wp-json\/wp\/v2\/product_cat?post=4906"},{"taxonomy":"product_tag","embeddable":true,"href":"https:\/\/dayatex.com\/de\/wp-json\/wp\/v2\/product_tag?post=4906"}],"curies":[{"name":"wp","href":"https:\/\/api.w.org\/{rel}","templated":true}]}}