{"id":4912,"date":"2026-05-04T17:55:19","date_gmt":"2026-05-04T09:55:19","guid":{"rendered":"https:\/\/dayatex.com\/?post_type=product&#038;p=4912"},"modified":"2026-05-04T17:55:22","modified_gmt":"2026-05-04T09:55:22","slug":"100-pure-lyocell-twill","status":"publish","type":"product","link":"https:\/\/dayatex.com\/de\/produkt\/100-pure-lyocell-twill\/","title":{"rendered":"100% \u2013 reines Lyocell-Twill"},"content":{"rendered":"<p>Mit einer dezenten K\u00f6perbindung, einem angenehmen Tragegef\u00fchl und einem eleganten nat\u00fcrlichen Glanz eignet es sich perfekt f\u00fcr Freizeithemden, Jacken, Hosen, Kleider und modische Alltagsbekleidung f\u00fcr jede Jahreszeit.<\/p>\n\n\n\n<ul class=\"wp-block-list\">\n<li><strong>100% reines Lyocell<\/strong>\uff1aHergestellt aus reinem Lyocell 100%, bietet es einen besonders weichen, geschmeidigen Griff, hervorragende Feuchtigkeitsaufnahme, Atmungsaktivit\u00e4t und elegante Fallf\u00e4higkeit mit einem nat\u00fcrlichen, dezenten Schimmer.<\/li>\n<\/ul>\n\n\n\n<ul class=\"wp-block-list\">\n<li><strong>10S*10S 72*38<\/strong>: Hergestellt aus reinem Lyocell der Sorte 100%, bietet es einen besonders weichen und geschmeidigen Griff, hervorragende Feuchtigkeitsaufnahme, Atmungsaktivit\u00e4t und einen eleganten Fall mit nat\u00fcrlichem, dezentem Schimmer.<\/li>\n<\/ul>\n\n\n\n<ul class=\"wp-block-list\">\n<li><strong>OEKO-TEX<\/strong>\u00a0Standard 100 zertifiziert<\/li>\n<\/ul>\n\n\n\n<p><\/p>","protected":false},"excerpt":{"rendered":"<p>Mit einer dezenten K\u00f6perbindung, einem angenehmen Tragegef\u00fchl und einem eleganten nat\u00fcrlichen Glanz eignet es sich perfekt f\u00fcr Freizeithemden, Jacken, Hosen, Kleider und modische Alltagsbekleidung f\u00fcr jede Jahreszeit.<\/p>","protected":false},"featured_media":4916,"comment_status":"open","ping_status":"closed","template":"","meta":[],"product_brand":[],"product_cat":[432],"product_tag":[],"class_list":{"0":"post-4912","1":"product","2":"type-product","3":"status-publish","4":"has-post-thumbnail","6":"product_cat-tencel","8":"first","9":"instock","10":"shipping-taxable","11":"product-type-simple"},"_links":{"self":[{"href":"https:\/\/dayatex.com\/de\/wp-json\/wp\/v2\/product\/4912","targetHints":{"allow":["GET"]}}],"collection":[{"href":"https:\/\/dayatex.com\/de\/wp-json\/wp\/v2\/product"}],"about":[{"href":"https:\/\/dayatex.com\/de\/wp-json\/wp\/v2\/types\/product"}],"replies":[{"embeddable":true,"href":"https:\/\/dayatex.com\/de\/wp-json\/wp\/v2\/comments?post=4912"}],"wp:featuredmedia":[{"embeddable":true,"href":"https:\/\/dayatex.com\/de\/wp-json\/wp\/v2\/media\/4916"}],"wp:attachment":[{"href":"https:\/\/dayatex.com\/de\/wp-json\/wp\/v2\/media?parent=4912"}],"wp:term":[{"taxonomy":"product_brand","embeddable":true,"href":"https:\/\/dayatex.com\/de\/wp-json\/wp\/v2\/product_brand?post=4912"},{"taxonomy":"product_cat","embeddable":true,"href":"https:\/\/dayatex.com\/de\/wp-json\/wp\/v2\/product_cat?post=4912"},{"taxonomy":"product_tag","embeddable":true,"href":"https:\/\/dayatex.com\/de\/wp-json\/wp\/v2\/product_tag?post=4912"}],"curies":[{"name":"wp","href":"https:\/\/api.w.org\/{rel}","templated":true}]}}