{"id":4919,"date":"2026-05-05T09:56:09","date_gmt":"2026-05-05T01:56:09","guid":{"rendered":"https:\/\/dayatex.com\/?post_type=product&#038;p=4919"},"modified":"2026-05-05T09:56:12","modified_gmt":"2026-05-05T01:56:12","slug":"18-polyester-65-rayon-17-linen-polyester-filament-rayon-linen-plain-weave","status":"publish","type":"product","link":"https:\/\/dayatex.com\/de\/produkt\/18-polyester-65-rayon-17-linen-polyester-filament-rayon-linen-plain-weave\/","title":{"rendered":"18% Polyester  65% Viskose  17% Leinen  Polyester-Filament, Viskose, Leinen, Leinwandbindung"},"content":{"rendered":"<p>Mit passender Garnkombination und angemessener Webdichte weist der Stoff eine saubere Leinwandbindungsoberfl\u00e4che, eine nat\u00fcrliche Leinengrundstruktur, eine weiche und doch knackige Textur, leichten Tragekomfort und gute Luftdurchl\u00e4ssigkeit auf. Er ist ideal f\u00fcr modische Sommerblusen, Kleider, l\u00e4ssige Hosen und Damenbekleidung f\u00fcr den Alltag.<\/p>\n\n\n\n<ul class=\"wp-block-list\">\n<li><strong>18% Polyester  65% Viskose  17% Leinen<\/strong>\uff1a65%-Rayon bietet einen weichen, hautfreundlichen Griff, hervorragende Feuchtigkeitsaufnahme und elegante Drapierbarkeit; 17%-Leinen sorgt f\u00fcr eine nat\u00fcrliche, rustikale Textur, einen knackigen Griff und k\u00fchle Atmungsaktivit\u00e4t; 18%-Polyesterfilament verbessert die Gl\u00e4tte, den Glanz, die Zugfestigkeit und die Formbest\u00e4ndigkeit des Gewebes und sorgt so f\u00fcr eine deutlich verbesserte Knitterfestigkeit und Schrumpfkontrolle.<\/li>\n<\/ul>\n\n\n\n<ul class=\"wp-block-list\">\n<li><strong>T20D*(15S+R30S) 178*59<\/strong>Der Kettfaden besteht aus einem 20D-Polyester-Filament, das f\u00fcr eine glatte Oberfl\u00e4che und stabile Form sorgt. Der Schussfaden verwendet gemischte Rayongarne der St\u00e4rken 15S und 30S, um eine nat\u00fcrliche Leinenstruktur zu erzeugen. Die Dichte von 178x59 gew\u00e4hrleistet einen gleichm\u00e4\u00dfigen Leinwandbindungsstoff, eine gute Luftdurchl\u00e4ssigkeit und eine angemessene Deckkraft.<\/li>\n<\/ul>\n\n\n\n<ul class=\"wp-block-list\">\n<li><strong>OEKO-TEX<\/strong>\u00a0Standard 100 zertifiziert<\/li>\n<\/ul>\n\n\n\n<p><\/p>","protected":false},"excerpt":{"rendered":"<p>Mit passender Garnkombination und angemessener Webdichte weist der Stoff eine saubere Leinwandbindungsoberfl\u00e4che, eine nat\u00fcrliche Leinengrundstruktur, eine weiche und doch knackige Textur, leichten Tragekomfort und gute Luftdurchl\u00e4ssigkeit auf. Er ist ideal f\u00fcr modische Sommerblusen, Kleider, l\u00e4ssige Hosen und Damenbekleidung f\u00fcr den Alltag.<\/p>","protected":false},"featured_media":4923,"comment_status":"open","ping_status":"closed","template":"","meta":[],"product_brand":[],"product_cat":[431],"product_tag":[],"class_list":{"0":"post-4919","1":"product","2":"type-product","3":"status-publish","4":"has-post-thumbnail","6":"product_cat-linen","8":"first","9":"instock","10":"shipping-taxable","11":"product-type-simple"},"_links":{"self":[{"href":"https:\/\/dayatex.com\/de\/wp-json\/wp\/v2\/product\/4919","targetHints":{"allow":["GET"]}}],"collection":[{"href":"https:\/\/dayatex.com\/de\/wp-json\/wp\/v2\/product"}],"about":[{"href":"https:\/\/dayatex.com\/de\/wp-json\/wp\/v2\/types\/product"}],"replies":[{"embeddable":true,"href":"https:\/\/dayatex.com\/de\/wp-json\/wp\/v2\/comments?post=4919"}],"wp:featuredmedia":[{"embeddable":true,"href":"https:\/\/dayatex.com\/de\/wp-json\/wp\/v2\/media\/4923"}],"wp:attachment":[{"href":"https:\/\/dayatex.com\/de\/wp-json\/wp\/v2\/media?parent=4919"}],"wp:term":[{"taxonomy":"product_brand","embeddable":true,"href":"https:\/\/dayatex.com\/de\/wp-json\/wp\/v2\/product_brand?post=4919"},{"taxonomy":"product_cat","embeddable":true,"href":"https:\/\/dayatex.com\/de\/wp-json\/wp\/v2\/product_cat?post=4919"},{"taxonomy":"product_tag","embeddable":true,"href":"https:\/\/dayatex.com\/de\/wp-json\/wp\/v2\/product_tag?post=4919"}],"curies":[{"name":"wp","href":"https:\/\/api.w.org\/{rel}","templated":true}]}}