{"id":4924,"date":"2026-05-05T10:05:21","date_gmt":"2026-05-05T02:05:21","guid":{"rendered":"https:\/\/dayatex.com\/?post_type=product&#038;p=4924"},"modified":"2026-05-05T10:05:23","modified_gmt":"2026-05-05T02:05:23","slug":"100-rayon-yarn-drill","status":"publish","type":"product","link":"https:\/\/dayatex.com\/de\/produkt\/100-rayon-yarn-drill\/","title":{"rendered":"100% Rayon-Drill"},"content":{"rendered":"<p>Es zeichnet sich durch ein weiches Gef\u00fchl, gute Fall- und Trageeigenschaften aus und eignet sich perfekt f\u00fcr die Herstellung von Damenblusen, Kleidern, Freizeithosen und modischer Alltagskleidung f\u00fcr alle Jahreszeiten.<\/p>\n\n\n\n<ul class=\"wp-block-list\">\n<li><strong>100% reine Viskose<\/strong>Reine Viskose verleiht dem Stoff eine au\u00dfergew\u00f6hnlich weiche, hautfreundliche Haptik, hervorragende Feuchtigkeitsaufnahme und atmungsaktiven k\u00fchlen Komfort.<\/li>\n<\/ul>\n\n\n\n<ul class=\"wp-block-list\">\n<li><strong>30*30\/120*66<\/strong>: Das 30S Feingarn gepaart mit einer angemessenen Webdichte ergibt eine ordentliche K\u00f6pertextur, eine glatte Stoffoberfl\u00e4che und einen eleganten nat\u00fcrlichen Fall.<\/li>\n<\/ul>\n\n\n\n<ul class=\"wp-block-list\">\n<li><strong>OEKO-TEX<\/strong>\u00a0Standard 100 zertifiziert<\/li>\n<\/ul>\n\n\n\n<p><\/p>","protected":false},"excerpt":{"rendered":"<p>Es zeichnet sich durch ein weiches Gef\u00fchl, gute Fall- und Trageeigenschaften aus und eignet sich perfekt f\u00fcr die Herstellung von Damenblusen, Kleidern, Freizeithosen und modischer Alltagskleidung f\u00fcr alle Jahreszeiten.<\/p>","protected":false},"featured_media":4927,"comment_status":"open","ping_status":"closed","template":"","meta":[],"product_brand":[],"product_cat":[430],"product_tag":[],"class_list":{"0":"post-4924","1":"product","2":"type-product","3":"status-publish","4":"has-post-thumbnail","6":"product_cat-viscose-spun","8":"first","9":"instock","10":"shipping-taxable","11":"product-type-simple"},"_links":{"self":[{"href":"https:\/\/dayatex.com\/de\/wp-json\/wp\/v2\/product\/4924","targetHints":{"allow":["GET"]}}],"collection":[{"href":"https:\/\/dayatex.com\/de\/wp-json\/wp\/v2\/product"}],"about":[{"href":"https:\/\/dayatex.com\/de\/wp-json\/wp\/v2\/types\/product"}],"replies":[{"embeddable":true,"href":"https:\/\/dayatex.com\/de\/wp-json\/wp\/v2\/comments?post=4924"}],"wp:featuredmedia":[{"embeddable":true,"href":"https:\/\/dayatex.com\/de\/wp-json\/wp\/v2\/media\/4927"}],"wp:attachment":[{"href":"https:\/\/dayatex.com\/de\/wp-json\/wp\/v2\/media?parent=4924"}],"wp:term":[{"taxonomy":"product_brand","embeddable":true,"href":"https:\/\/dayatex.com\/de\/wp-json\/wp\/v2\/product_brand?post=4924"},{"taxonomy":"product_cat","embeddable":true,"href":"https:\/\/dayatex.com\/de\/wp-json\/wp\/v2\/product_cat?post=4924"},{"taxonomy":"product_tag","embeddable":true,"href":"https:\/\/dayatex.com\/de\/wp-json\/wp\/v2\/product_tag?post=4924"}],"curies":[{"name":"wp","href":"https:\/\/api.w.org\/{rel}","templated":true}]}}