{"id":4928,"date":"2026-05-05T10:15:06","date_gmt":"2026-05-05T02:15:06","guid":{"rendered":"https:\/\/dayatex.com\/?post_type=product&#038;p=4928"},"modified":"2026-05-05T10:15:09","modified_gmt":"2026-05-05T02:15:09","slug":"35-nylon-65-rayon-nylon-filament-rayon-houndstooth-jacquard","status":"publish","type":"product","link":"https:\/\/dayatex.com\/de\/produkt\/35-nylon-65-rayon-nylon-filament-rayon-houndstooth-jacquard\/","title":{"rendered":"35% Nylon  65% Rayon  Nylon-Filament Rayon Hahnentritt-Jacquard"},"content":{"rendered":"<p>Der hohe Anteil an Viskose sorgt f\u00fcr eine au\u00dfergew\u00f6hnlich weiche und hautfreundliche Haptik, \u00fcberlegene Feuchtigkeitsaufnahme und Luftdurchl\u00e4ssigkeit, was das ganze Jahr \u00fcber ein leichtes, k\u00fchles und angenehmes Tragegef\u00fchl bietet.<\/p>\n\n\n\n<ul class=\"wp-block-list\">\n<li><strong>35% Nylon und 65% Rayon<\/strong>\uff1a65%-Rayon sorgt f\u00fcr au\u00dfergew\u00f6hnliche Weichheit, Hautfreundlichkeit, Feuchtigkeitsaufnahme und elegante Fallbarkeit und bietet so ein angenehmes Tragegef\u00fchl. 35%-Nylonfilament verbessert die Gl\u00e4tte des Gewebes, verleiht ihm einen dezenten Glanz, erh\u00f6ht die Zugfestigkeit, die Verschlei\u00dffestigkeit und die Formbest\u00e4ndigkeit und sorgt so f\u00fcr bessere Knitterfestigkeit und Formstabilit\u00e4t.<\/li>\n<\/ul>\n\n\n\n<ul class=\"wp-block-list\">\n<li><strong>20D*21S+20D 180*120<\/strong>Durch die Verwendung von passendem 20D-Garn und 21S-Viskosegarn mit dichtem Gewebe pr\u00e4sentiert der Stoff ein klares Hahnentritt-Jacquardmuster, eine zarte Textur, ein weiches und doch strukturiertes Handgef\u00fchl sowie einen edlen und eleganten Stil. Er ist ideal f\u00fcr modische Blusen, Kleider, Kost\u00fcme und hochwertige Damen-Freizeitkleidung.<\/li>\n<\/ul>\n\n\n\n<ul class=\"wp-block-list\">\n<li><strong>OEKO-TEX<\/strong>\u00a0Standard 100 zertifiziert<\/li>\n<\/ul>\n\n\n\n<p><\/p>","protected":false},"excerpt":{"rendered":"<p>Der hohe Anteil an Viskose sorgt f\u00fcr eine au\u00dfergew\u00f6hnlich weiche und hautfreundliche Haptik, \u00fcberlegene Feuchtigkeitsaufnahme und Luftdurchl\u00e4ssigkeit, was das ganze Jahr \u00fcber ein leichtes, k\u00fchles und angenehmes Tragegef\u00fchl bietet.<\/p>","protected":false},"featured_media":4930,"comment_status":"open","ping_status":"closed","template":"","meta":[],"product_brand":[],"product_cat":[430],"product_tag":[],"class_list":{"0":"post-4928","1":"product","2":"type-product","3":"status-publish","4":"has-post-thumbnail","6":"product_cat-viscose-spun","8":"first","9":"instock","10":"shipping-taxable","11":"product-type-simple"},"_links":{"self":[{"href":"https:\/\/dayatex.com\/de\/wp-json\/wp\/v2\/product\/4928","targetHints":{"allow":["GET"]}}],"collection":[{"href":"https:\/\/dayatex.com\/de\/wp-json\/wp\/v2\/product"}],"about":[{"href":"https:\/\/dayatex.com\/de\/wp-json\/wp\/v2\/types\/product"}],"replies":[{"embeddable":true,"href":"https:\/\/dayatex.com\/de\/wp-json\/wp\/v2\/comments?post=4928"}],"wp:featuredmedia":[{"embeddable":true,"href":"https:\/\/dayatex.com\/de\/wp-json\/wp\/v2\/media\/4930"}],"wp:attachment":[{"href":"https:\/\/dayatex.com\/de\/wp-json\/wp\/v2\/media?parent=4928"}],"wp:term":[{"taxonomy":"product_brand","embeddable":true,"href":"https:\/\/dayatex.com\/de\/wp-json\/wp\/v2\/product_brand?post=4928"},{"taxonomy":"product_cat","embeddable":true,"href":"https:\/\/dayatex.com\/de\/wp-json\/wp\/v2\/product_cat?post=4928"},{"taxonomy":"product_tag","embeddable":true,"href":"https:\/\/dayatex.com\/de\/wp-json\/wp\/v2\/product_tag?post=4928"}],"curies":[{"name":"wp","href":"https:\/\/api.w.org\/{rel}","templated":true}]}}