{"id":4932,"date":"2026-05-05T10:21:52","date_gmt":"2026-05-05T02:21:52","guid":{"rendered":"https:\/\/dayatex.com\/?post_type=product&#038;p=4932"},"modified":"2026-05-05T10:21:54","modified_gmt":"2026-05-05T02:21:54","slug":"32-nylon-68-rayon-nylon-rayon-stripe-fabric","status":"publish","type":"product","link":"https:\/\/dayatex.com\/de\/produkt\/32-nylon-68-rayon-nylon-rayon-stripe-fabric\/","title":{"rendered":"32% Nylon 68% Rayon \u2013 Nylon-Rayon-Streifenstoff"},"content":{"rendered":"<p> <\/p>\n\n\n\n<p>Mit feiner und sauberer Streifenstruktur, geringem und leichtem Warengewicht, weicher und glatter Haptik zeichnet sich dieser Stoff durch zarte Textur, elegantes Aussehen und \u00fcberragenden Komfort aus. Er eignet sich perfekt f\u00fcr modische Blusen, Freizeitkleider, Futterbekleidung und alle Arten von leichter Sommerbekleidung f\u00fcr Damen.<\/p>\n\n\n\n<ul class=\"wp-block-list\">\n<li><strong>32% Nylon 68% Rayon<\/strong>\uff1a68%-Rayon bietet Weichheit, Atmungsaktivit\u00e4t und einen eleganten Fall, w\u00e4hrend 32%-Nylon f\u00fcr mehr Glanz, Festigkeit, Knitterfreiheit und Formbest\u00e4ndigkeit sorgt.<\/li>\n<\/ul>\n\n\n\n<ul class=\"wp-block-list\">\n<li><strong>55~57g\/m\u00b2<\/strong>Mit einer leichten Grammatur von 55\u201357 g\/m\u00b2 ist der Stoff ultrad\u00fcnn, luftig, flie\u00dfend und bequem, ideal f\u00fcr leichte Sommerbekleidung.<\/li>\n<\/ul>\n\n\n\n<ul class=\"wp-block-list\">\n<li><strong>OEKO-TEX<\/strong>\u00a0Standard 100 zertifiziert<\/li>\n<\/ul>\n\n\n\n<p><\/p>","protected":false},"excerpt":{"rendered":"<p>Mit feiner und sauberer Streifenstruktur, geringem und leichtem Warengewicht, weicher und glatter Haptik zeichnet sich dieser Stoff durch zarte Textur, elegantes Aussehen und \u00fcberragenden Komfort aus. Er eignet sich perfekt f\u00fcr modische Blusen, Freizeitkleider, Futterbekleidung und alle Arten von leichter Sommerbekleidung f\u00fcr Damen.<\/p>","protected":false},"featured_media":4933,"comment_status":"open","ping_status":"closed","template":"","meta":[],"product_brand":[],"product_cat":[430],"product_tag":[],"class_list":{"0":"post-4932","1":"product","2":"type-product","3":"status-publish","4":"has-post-thumbnail","6":"product_cat-viscose-spun","8":"first","9":"instock","10":"shipping-taxable","11":"product-type-simple"},"_links":{"self":[{"href":"https:\/\/dayatex.com\/de\/wp-json\/wp\/v2\/product\/4932","targetHints":{"allow":["GET"]}}],"collection":[{"href":"https:\/\/dayatex.com\/de\/wp-json\/wp\/v2\/product"}],"about":[{"href":"https:\/\/dayatex.com\/de\/wp-json\/wp\/v2\/types\/product"}],"replies":[{"embeddable":true,"href":"https:\/\/dayatex.com\/de\/wp-json\/wp\/v2\/comments?post=4932"}],"wp:featuredmedia":[{"embeddable":true,"href":"https:\/\/dayatex.com\/de\/wp-json\/wp\/v2\/media\/4933"}],"wp:attachment":[{"href":"https:\/\/dayatex.com\/de\/wp-json\/wp\/v2\/media?parent=4932"}],"wp:term":[{"taxonomy":"product_brand","embeddable":true,"href":"https:\/\/dayatex.com\/de\/wp-json\/wp\/v2\/product_brand?post=4932"},{"taxonomy":"product_cat","embeddable":true,"href":"https:\/\/dayatex.com\/de\/wp-json\/wp\/v2\/product_cat?post=4932"},{"taxonomy":"product_tag","embeddable":true,"href":"https:\/\/dayatex.com\/de\/wp-json\/wp\/v2\/product_tag?post=4932"}],"curies":[{"name":"wp","href":"https:\/\/api.w.org\/{rel}","templated":true}]}}