{"id":4935,"date":"2026-05-05T10:31:13","date_gmt":"2026-05-05T02:31:13","guid":{"rendered":"https:\/\/dayatex.com\/?post_type=product&#038;p=4935"},"modified":"2026-05-05T10:31:15","modified_gmt":"2026-05-05T02:31:15","slug":"20-nylon-80-lyocell-nylon-filament-lyocell-pinstripe-crepe","status":"publish","type":"product","link":"https:\/\/dayatex.com\/de\/produkt\/20-nylon-80-lyocell-nylon-filament-lyocell-pinstripe-crepe\/","title":{"rendered":"20% Nylon 80% Lyocell Nylon-Filament Lyocell Nadelstreifen-Cr\u00eape"},"content":{"rendered":"<p>Dies ist ein stilvoller Kreppstoff mit Nadelstreifen und nat\u00fcrlicher vertikaler Textur sowie einem dezenten Krepp-Effekt. Er ist leicht, weich und hautfreundlich mit elegantem Fall und eignet sich ideal f\u00fcr Sommerblusen, Kleider und hochwertige Damenmode.<\/p>\n\n\n\n<ul class=\"wp-block-list\">\n<li><strong>20% Nylon 80% Lyocell<\/strong>: Eine Mischung aus 20 % 100 % Nylon und 80 % 100 % Lyocell. Lyocell sorgt f\u00fcr Weichheit, Atmungsaktivit\u00e4t und einen sch\u00f6nen Fall; Nylon verbessert den Glanz, die Festigkeit und die Knitterfreiheit.<\/li>\n<\/ul>\n\n\n\n<ul class=\"wp-block-list\">\n<li><strong>N20D*32S 168*96<\/strong>N20D Garnst\u00e4rke angenommen<em>32S und Dichte 168<\/em>96. Feine Garnkombination bringt die Nadelstreifenstruktur gut zur Geltung, mit einer glatten Oberfl\u00e4che und angenehmer Textur.<\/li>\n<\/ul>\n\n\n\n<ul class=\"wp-block-list\">\n<li><strong>OEKO-TEX<\/strong>\u00a0Standard 100 zertifiziert<\/li>\n<\/ul>\n\n\n\n<p><\/p>","protected":false},"excerpt":{"rendered":"<p>Dies ist ein stilvoller Kreppstoff mit Nadelstreifen und nat\u00fcrlicher vertikaler Textur sowie einem dezenten Krepp-Effekt. Er ist leicht, weich und hautfreundlich mit elegantem Fall und eignet sich ideal f\u00fcr Sommerblusen, Kleider und hochwertige Damenmode.<\/p>","protected":false},"featured_media":4936,"comment_status":"open","ping_status":"closed","template":"","meta":[],"product_brand":[],"product_cat":[432],"product_tag":[],"class_list":{"0":"post-4935","1":"product","2":"type-product","3":"status-publish","4":"has-post-thumbnail","6":"product_cat-tencel","8":"first","9":"instock","10":"shipping-taxable","11":"product-type-simple"},"_links":{"self":[{"href":"https:\/\/dayatex.com\/de\/wp-json\/wp\/v2\/product\/4935","targetHints":{"allow":["GET"]}}],"collection":[{"href":"https:\/\/dayatex.com\/de\/wp-json\/wp\/v2\/product"}],"about":[{"href":"https:\/\/dayatex.com\/de\/wp-json\/wp\/v2\/types\/product"}],"replies":[{"embeddable":true,"href":"https:\/\/dayatex.com\/de\/wp-json\/wp\/v2\/comments?post=4935"}],"wp:featuredmedia":[{"embeddable":true,"href":"https:\/\/dayatex.com\/de\/wp-json\/wp\/v2\/media\/4936"}],"wp:attachment":[{"href":"https:\/\/dayatex.com\/de\/wp-json\/wp\/v2\/media?parent=4935"}],"wp:term":[{"taxonomy":"product_brand","embeddable":true,"href":"https:\/\/dayatex.com\/de\/wp-json\/wp\/v2\/product_brand?post=4935"},{"taxonomy":"product_cat","embeddable":true,"href":"https:\/\/dayatex.com\/de\/wp-json\/wp\/v2\/product_cat?post=4935"},{"taxonomy":"product_tag","embeddable":true,"href":"https:\/\/dayatex.com\/de\/wp-json\/wp\/v2\/product_tag?post=4935"}],"curies":[{"name":"wp","href":"https:\/\/api.w.org\/{rel}","templated":true}]}}