{"id":4937,"date":"2026-05-05T10:35:56","date_gmt":"2026-05-05T02:35:56","guid":{"rendered":"https:\/\/dayatex.com\/?post_type=product&#038;p=4937"},"modified":"2026-05-05T10:35:58","modified_gmt":"2026-05-05T02:35:58","slug":"15-nylon-85-lyocell-nylon-filament-lyocell-jacquard","status":"publish","type":"product","link":"https:\/\/dayatex.com\/de\/produkt\/15-nylon-85-lyocell-nylon-filament-lyocell-jacquard\/","title":{"rendered":"15% Nylon 85% Lyocell Nylon-Filament Lyocell-Jacquard"},"content":{"rendered":"<p>Dies ist ein hochwertiger Jacquard-Stoff mit exquisitem Muster und eleganter Textur. Er ist leicht, weich und hautfreundlich, mit nat\u00fcrlichem Glanz und ausgezeichnetem Fall, perfekt f\u00fcr modische Blusen, Kleider und hochwertige Damenbekleidung.<\/p>\n\n\n\n<ul class=\"wp-block-list\">\n<li><strong>15% Nylon 85% Lyocell<\/strong>\uff1aEine Mischung aus 15%-Nylon und 85%-Lyocell. Lyocell sorgt f\u00fcr Weichheit, Atmungsaktivit\u00e4t und einen geschmeidigen Fall; Nylon verbessert den Glanz, die Strapazierf\u00e4higkeit und die Formbest\u00e4ndigkeit.<\/li>\n<\/ul>\n\n\n\n<ul class=\"wp-block-list\">\n<li><strong>N20D*40S<\/strong>Nimmt Garnspezifikation N20D*40S an. Ultrafeines Nylonfilament passt zu feinem 40S Lyocell-Garn und pr\u00e4sentiert ein zartes Jacquard-Muster und eine feine, glatte Stoffoberfl\u00e4che.<\/li>\n<\/ul>\n\n\n\n<ul class=\"wp-block-list\">\n<li><strong>OEKO-TEX<\/strong>\u00a0Standard 100 zertifiziert<\/li>\n<\/ul>\n\n\n\n<p><\/p>","protected":false},"excerpt":{"rendered":"<p>Dies ist ein hochwertiger Jacquard-Stoff mit exquisitem Muster und eleganter Textur. Er ist leicht, weich und hautfreundlich, mit nat\u00fcrlichem Glanz und ausgezeichnetem Fall, perfekt f\u00fcr modische Blusen, Kleider und hochwertige Damenbekleidung.<\/p>","protected":false},"featured_media":4938,"comment_status":"open","ping_status":"closed","template":"","meta":[],"product_brand":[],"product_cat":[432],"product_tag":[],"class_list":{"0":"post-4937","1":"product","2":"type-product","3":"status-publish","4":"has-post-thumbnail","6":"product_cat-tencel","8":"first","9":"instock","10":"shipping-taxable","11":"product-type-simple"},"_links":{"self":[{"href":"https:\/\/dayatex.com\/de\/wp-json\/wp\/v2\/product\/4937","targetHints":{"allow":["GET"]}}],"collection":[{"href":"https:\/\/dayatex.com\/de\/wp-json\/wp\/v2\/product"}],"about":[{"href":"https:\/\/dayatex.com\/de\/wp-json\/wp\/v2\/types\/product"}],"replies":[{"embeddable":true,"href":"https:\/\/dayatex.com\/de\/wp-json\/wp\/v2\/comments?post=4937"}],"wp:featuredmedia":[{"embeddable":true,"href":"https:\/\/dayatex.com\/de\/wp-json\/wp\/v2\/media\/4938"}],"wp:attachment":[{"href":"https:\/\/dayatex.com\/de\/wp-json\/wp\/v2\/media?parent=4937"}],"wp:term":[{"taxonomy":"product_brand","embeddable":true,"href":"https:\/\/dayatex.com\/de\/wp-json\/wp\/v2\/product_brand?post=4937"},{"taxonomy":"product_cat","embeddable":true,"href":"https:\/\/dayatex.com\/de\/wp-json\/wp\/v2\/product_cat?post=4937"},{"taxonomy":"product_tag","embeddable":true,"href":"https:\/\/dayatex.com\/de\/wp-json\/wp\/v2\/product_tag?post=4937"}],"curies":[{"name":"wp","href":"https:\/\/api.w.org\/{rel}","templated":true}]}}