{"id":4940,"date":"2026-05-05T10:42:12","date_gmt":"2026-05-05T02:42:12","guid":{"rendered":"https:\/\/dayatex.com\/?post_type=product&#038;p=4940"},"modified":"2026-05-05T10:42:14","modified_gmt":"2026-05-05T02:42:14","slug":"97-cotton-3-spandex-cotton-stretch-yarn-drill","status":"publish","type":"product","link":"https:\/\/dayatex.com\/de\/produkt\/97-cotton-3-spandex-cotton-stretch-yarn-drill\/","title":{"rendered":"97% Baumwolle 3% Elasthan Baumwoll-Stretchgarn Drill"},"content":{"rendered":"<p>Dieser klassische Stretchgarn-K\u00f6perstoff zeichnet sich durch eine saubere K\u00f6perstruktur, angenehme Elastizit\u00e4t und einen robusten Griff aus. Er ist hautfreundlich und verschlei\u00dffest mit guter Formbest\u00e4ndigkeit und eignet sich f\u00fcr Freizeithosen, Jacken, Arbeitskleidung und allt\u00e4gliche Modest\u00fccke.<\/p>\n\n\n\n<ul class=\"wp-block-list\">\n<li><strong>97% Baumwolle 3% Elasthan<\/strong>\uff1aAus einer Mischung aus 97 % Baumwolle und 3 % Elasthan. Baumwolle sorgt f\u00fcr Weichheit, Atmungsaktivit\u00e4t und Tragekomfort; Elasthan sorgt f\u00fcr moderate Dehnbarkeit und damit f\u00fcr eine bessere Passform und mehr Bewegungsfreiheit.<\/li>\n<\/ul>\n\n\n\n<ul class=\"wp-block-list\">\n<li><strong>OE8\\*10+70D 58\\*44<\/strong>\uff1a\u00dcbernimmt Garnspezifikation OE8<em>10+70D und Dichte 58<\/em>44. Grobes Garn aus OE-Baumwolle, kombiniert mit elastischem Filament, schafft eine volle Textur, einen soliden Stoffk\u00f6rper und eine stabile Webstruktur.<\/li>\n<\/ul>\n\n\n\n<ul class=\"wp-block-list\">\n<li><strong>OEKO-TEX<\/strong>\u00a0Standard 100 zertifiziert<\/li>\n<\/ul>\n\n\n\n<p><\/p>","protected":false},"excerpt":{"rendered":"<p>Dieser klassische Stretchgarn-K\u00f6perstoff zeichnet sich durch eine saubere K\u00f6perstruktur, angenehme Elastizit\u00e4t und einen robusten Griff aus. Er ist hautfreundlich und verschlei\u00dffest mit guter Formbest\u00e4ndigkeit und eignet sich f\u00fcr Freizeithosen, Jacken, Arbeitskleidung und allt\u00e4gliche Modest\u00fccke.<\/p>","protected":false},"featured_media":4943,"comment_status":"open","ping_status":"closed","template":"","meta":[],"product_brand":[],"product_cat":[428],"product_tag":[],"class_list":{"0":"post-4940","1":"product","2":"type-product","3":"status-publish","4":"has-post-thumbnail","6":"product_cat-cotton","8":"first","9":"instock","10":"shipping-taxable","11":"product-type-simple"},"_links":{"self":[{"href":"https:\/\/dayatex.com\/de\/wp-json\/wp\/v2\/product\/4940","targetHints":{"allow":["GET"]}}],"collection":[{"href":"https:\/\/dayatex.com\/de\/wp-json\/wp\/v2\/product"}],"about":[{"href":"https:\/\/dayatex.com\/de\/wp-json\/wp\/v2\/types\/product"}],"replies":[{"embeddable":true,"href":"https:\/\/dayatex.com\/de\/wp-json\/wp\/v2\/comments?post=4940"}],"wp:featuredmedia":[{"embeddable":true,"href":"https:\/\/dayatex.com\/de\/wp-json\/wp\/v2\/media\/4943"}],"wp:attachment":[{"href":"https:\/\/dayatex.com\/de\/wp-json\/wp\/v2\/media?parent=4940"}],"wp:term":[{"taxonomy":"product_brand","embeddable":true,"href":"https:\/\/dayatex.com\/de\/wp-json\/wp\/v2\/product_brand?post=4940"},{"taxonomy":"product_cat","embeddable":true,"href":"https:\/\/dayatex.com\/de\/wp-json\/wp\/v2\/product_cat?post=4940"},{"taxonomy":"product_tag","embeddable":true,"href":"https:\/\/dayatex.com\/de\/wp-json\/wp\/v2\/product_tag?post=4940"}],"curies":[{"name":"wp","href":"https:\/\/api.w.org\/{rel}","templated":true}]}}