{"id":4945,"date":"2026-05-05T10:49:00","date_gmt":"2026-05-05T02:49:00","guid":{"rendered":"https:\/\/dayatex.com\/?post_type=product&#038;p=4945"},"modified":"2026-05-05T10:49:02","modified_gmt":"2026-05-05T02:49:02","slug":"100-cotton-burnout-jacquard","status":"publish","type":"product","link":"https:\/\/dayatex.com\/de\/produkt\/100-cotton-burnout-jacquard\/","title":{"rendered":"100% Baumwoll-Burnout-Jacquard"},"content":{"rendered":"<p>Dieser reine Baumwoll-Burnout-Stoff zeichnet sich durch seine einzigartige florale Lochstickerei und einen eleganten dreidimensionalen Effekt aus. Er ist weich, hautfreundlich und atmungsaktiv, mit einem leichten und eleganten Fall, ideal f\u00fcr Sommerblusen, Kleider und Damenmode.<\/p>\n\n\n\n<ul class=\"wp-block-list\">\n<li><strong>100% Baumwolle<\/strong>\uff1aHergestellt aus 100%-Baumwolle. Reine Baumwolle sorgt f\u00fcr au\u00dfergew\u00f6hnliche Weichheit, Atmungsaktivit\u00e4t und ein angenehmes, hautfreundliches Tragegef\u00fchl.<\/li>\n<\/ul>\n\n\n\n<ul class=\"wp-block-list\">\n<li><strong>40C*40C+10C 97*68<\/strong>Verwendet Garnspezifikation 40C*<em>40C+10C und Dichte 97<\/em>68. Passende Baumwollgarne bilden eine deutliche florale Maserung mit einer sauberen Stoffoberfl\u00e4che und zarter Textur.<\/li>\n<\/ul>\n\n\n\n<ul class=\"wp-block-list\">\n<li><strong>OEKO-TEX<\/strong>\u00a0Standard 100 zertifiziert<\/li>\n<\/ul>\n\n\n\n<p><\/p>","protected":false},"excerpt":{"rendered":"<p>Dieser reine Baumwoll-Burnout-Stoff zeichnet sich durch seine einzigartige florale Lochstickerei und einen eleganten dreidimensionalen Effekt aus. Er ist weich, hautfreundlich und atmungsaktiv, mit einem leichten und eleganten Fall, ideal f\u00fcr Sommerblusen, Kleider und Damenmode.<\/p>","protected":false},"featured_media":4948,"comment_status":"open","ping_status":"closed","template":"","meta":[],"product_brand":[],"product_cat":[428],"product_tag":[],"class_list":{"0":"post-4945","1":"product","2":"type-product","3":"status-publish","4":"has-post-thumbnail","6":"product_cat-cotton","8":"first","9":"instock","10":"shipping-taxable","11":"product-type-simple"},"_links":{"self":[{"href":"https:\/\/dayatex.com\/de\/wp-json\/wp\/v2\/product\/4945","targetHints":{"allow":["GET"]}}],"collection":[{"href":"https:\/\/dayatex.com\/de\/wp-json\/wp\/v2\/product"}],"about":[{"href":"https:\/\/dayatex.com\/de\/wp-json\/wp\/v2\/types\/product"}],"replies":[{"embeddable":true,"href":"https:\/\/dayatex.com\/de\/wp-json\/wp\/v2\/comments?post=4945"}],"wp:featuredmedia":[{"embeddable":true,"href":"https:\/\/dayatex.com\/de\/wp-json\/wp\/v2\/media\/4948"}],"wp:attachment":[{"href":"https:\/\/dayatex.com\/de\/wp-json\/wp\/v2\/media?parent=4945"}],"wp:term":[{"taxonomy":"product_brand","embeddable":true,"href":"https:\/\/dayatex.com\/de\/wp-json\/wp\/v2\/product_brand?post=4945"},{"taxonomy":"product_cat","embeddable":true,"href":"https:\/\/dayatex.com\/de\/wp-json\/wp\/v2\/product_cat?post=4945"},{"taxonomy":"product_tag","embeddable":true,"href":"https:\/\/dayatex.com\/de\/wp-json\/wp\/v2\/product_tag?post=4945"}],"curies":[{"name":"wp","href":"https:\/\/api.w.org\/{rel}","templated":true}]}}