{"id":4952,"date":"2026-05-05T10:58:51","date_gmt":"2026-05-05T02:58:51","guid":{"rendered":"https:\/\/dayatex.com\/?post_type=product&#038;p=4952"},"modified":"2026-05-05T10:58:53","modified_gmt":"2026-05-05T02:58:53","slug":"100-rayon-satin","status":"publish","type":"product","link":"https:\/\/dayatex.com\/de\/produkt\/100-rayon-satin\/","title":{"rendered":"100% Rayon-Satin"},"content":{"rendered":"<p>Dieser reine Rayon-Satin-Stoff besticht durch eine glatte Satintextur, eine weiche, gl\u00e4nzende Oberfl\u00e4che und einen eleganten Fall. Er ist hautfreundlich, leicht und atmungsaktiv, mit einer luxuri\u00f6sen Haptik, ideal f\u00fcr modische Blusen, Kleider und hochwertige Damenbekleidung.<\/p>\n\n\n\n<ul class=\"wp-block-list\">\n<li><strong>100% Viskose<\/strong> \uff1aHergestellt aus 100%-Rayon. Es zeichnet sich durch hervorragende Weichheit, gute Luftdurchl\u00e4ssigkeit, einen seidigen Griff und einen eleganten Fall aus.<\/li>\n<\/ul>\n\n\n\n<ul class=\"wp-block-list\">\n<li><strong>40*40 \/140*70<\/strong>Verwendet ein Garn 40*<em>40 und Fadendichte 140<\/em>*70. Feine Garnen liefern eine dichte und ordentliche Stoffstruktur, einen klaren Satinglanz und eine zarte Textur.<\/li>\n<\/ul>\n\n\n\n<ul class=\"wp-block-list\">\n<li><strong>OEKO-TEX<\/strong>\u00a0Standard 100 zertifiziert<\/li>\n<\/ul>\n\n\n\n<p><\/p>","protected":false},"excerpt":{"rendered":"<p>Dieser reine Rayon-Satin-Stoff besticht durch eine glatte Satintextur, eine weiche, gl\u00e4nzende Oberfl\u00e4che und einen eleganten Fall. Er ist hautfreundlich, leicht und atmungsaktiv, mit einer luxuri\u00f6sen Haptik, ideal f\u00fcr modische Blusen, Kleider und hochwertige Damenbekleidung.<\/p>","protected":false},"featured_media":4955,"comment_status":"open","ping_status":"closed","template":"","meta":[],"product_brand":[],"product_cat":[430],"product_tag":[],"class_list":{"0":"post-4952","1":"product","2":"type-product","3":"status-publish","4":"has-post-thumbnail","6":"product_cat-viscose-spun","8":"first","9":"instock","10":"shipping-taxable","11":"product-type-simple"},"_links":{"self":[{"href":"https:\/\/dayatex.com\/de\/wp-json\/wp\/v2\/product\/4952","targetHints":{"allow":["GET"]}}],"collection":[{"href":"https:\/\/dayatex.com\/de\/wp-json\/wp\/v2\/product"}],"about":[{"href":"https:\/\/dayatex.com\/de\/wp-json\/wp\/v2\/types\/product"}],"replies":[{"embeddable":true,"href":"https:\/\/dayatex.com\/de\/wp-json\/wp\/v2\/comments?post=4952"}],"wp:featuredmedia":[{"embeddable":true,"href":"https:\/\/dayatex.com\/de\/wp-json\/wp\/v2\/media\/4955"}],"wp:attachment":[{"href":"https:\/\/dayatex.com\/de\/wp-json\/wp\/v2\/media?parent=4952"}],"wp:term":[{"taxonomy":"product_brand","embeddable":true,"href":"https:\/\/dayatex.com\/de\/wp-json\/wp\/v2\/product_brand?post=4952"},{"taxonomy":"product_cat","embeddable":true,"href":"https:\/\/dayatex.com\/de\/wp-json\/wp\/v2\/product_cat?post=4952"},{"taxonomy":"product_tag","embeddable":true,"href":"https:\/\/dayatex.com\/de\/wp-json\/wp\/v2\/product_tag?post=4952"}],"curies":[{"name":"wp","href":"https:\/\/api.w.org\/{rel}","templated":true}]}}