{"id":4961,"date":"2026-05-05T11:11:16","date_gmt":"2026-05-05T03:11:16","guid":{"rendered":"https:\/\/dayatex.com\/?post_type=product&#038;p=4961"},"modified":"2026-05-05T11:11:18","modified_gmt":"2026-05-05T03:11:18","slug":"24-nylon-76-rayon-nylon-filament-rayon-plain-weave","status":"publish","type":"product","link":"https:\/\/dayatex.com\/de\/produkt\/24-nylon-76-rayon-nylon-filament-rayon-plain-weave\/","title":{"rendered":"24% Nylon 76% Rayon Nylon-Filament Rayon Leinwandbindung"},"content":{"rendered":"<p>Dieser Stoff aus Nylonfilament-Rayon im Leinwandbindung hat eine glatte Oberfl\u00e4che und eine feine Textur. Er ist weich, leicht und hautfreundlich, mit guter Falloptik und dezentem nat\u00fcrlichen Glanz, geeignet f\u00fcr Sommerblusen, Kleider und modische Damenbekleidung f\u00fcr den Alltag.<\/p>\n\n\n\n<ul class=\"wp-block-list\">\n<li><strong>24% Nylon 76% Rayon<\/strong>\uff1aEine Mischung aus 24%-Nylon und 76%-Rayon. Rayon sorgt f\u00fcr Weichheit, Atmungsaktivit\u00e4t und einen sch\u00f6nen Fall; Nylon verbessert den Glanz, die Festigkeit und die Formbest\u00e4ndigkeit.<\/li>\n<\/ul>\n\n\n\n<ul class=\"wp-block-list\">\n<li><strong>N20*R60 137*100<\/strong>\uff1aNimmt Garnspezifikation N20* an<em>R60 und Dichte 137<\/em>*100. Feines Filamentgarn in Verbindung mit hochscheinendem Rayongarn ergibt eine feine Leinwandbindung und ein feines, glattes Griffgef\u00fchl.<\/li>\n<\/ul>\n\n\n\n<ul class=\"wp-block-list\">\n<li><strong>OEKO-TEX<\/strong>\u00a0Standard 100 zertifiziert<\/li>\n<\/ul>\n\n\n\n<p><\/p>","protected":false},"excerpt":{"rendered":"<p>Dieser Stoff aus Nylonfilament-Rayon im Leinwandbindung hat eine glatte Oberfl\u00e4che und eine feine Textur. Er ist weich, leicht und hautfreundlich, mit guter Falloptik und dezentem nat\u00fcrlichen Glanz, geeignet f\u00fcr Sommerblusen, Kleider und modische Damenbekleidung f\u00fcr den Alltag.<\/p>","protected":false},"featured_media":4963,"comment_status":"open","ping_status":"closed","template":"","meta":[],"product_brand":[],"product_cat":[430],"product_tag":[],"class_list":{"0":"post-4961","1":"product","2":"type-product","3":"status-publish","4":"has-post-thumbnail","6":"product_cat-viscose-spun","8":"first","9":"instock","10":"shipping-taxable","11":"product-type-simple"},"_links":{"self":[{"href":"https:\/\/dayatex.com\/de\/wp-json\/wp\/v2\/product\/4961","targetHints":{"allow":["GET"]}}],"collection":[{"href":"https:\/\/dayatex.com\/de\/wp-json\/wp\/v2\/product"}],"about":[{"href":"https:\/\/dayatex.com\/de\/wp-json\/wp\/v2\/types\/product"}],"replies":[{"embeddable":true,"href":"https:\/\/dayatex.com\/de\/wp-json\/wp\/v2\/comments?post=4961"}],"wp:featuredmedia":[{"embeddable":true,"href":"https:\/\/dayatex.com\/de\/wp-json\/wp\/v2\/media\/4963"}],"wp:attachment":[{"href":"https:\/\/dayatex.com\/de\/wp-json\/wp\/v2\/media?parent=4961"}],"wp:term":[{"taxonomy":"product_brand","embeddable":true,"href":"https:\/\/dayatex.com\/de\/wp-json\/wp\/v2\/product_brand?post=4961"},{"taxonomy":"product_cat","embeddable":true,"href":"https:\/\/dayatex.com\/de\/wp-json\/wp\/v2\/product_cat?post=4961"},{"taxonomy":"product_tag","embeddable":true,"href":"https:\/\/dayatex.com\/de\/wp-json\/wp\/v2\/product_tag?post=4961"}],"curies":[{"name":"wp","href":"https:\/\/api.w.org\/{rel}","templated":true}]}}