{"id":4964,"date":"2026-05-05T11:39:11","date_gmt":"2026-05-05T03:39:11","guid":{"rendered":"https:\/\/dayatex.com\/?post_type=product&#038;p=4964"},"modified":"2026-05-05T11:39:13","modified_gmt":"2026-05-05T03:39:13","slug":"20-nylon-68-rayon-12-linen-nylon-filament-rayon-linen-cavalry-twill","status":"publish","type":"product","link":"https:\/\/dayatex.com\/de\/produkt\/20-nylon-68-rayon-12-linen-nylon-filament-rayon-linen-cavalry-twill\/","title":{"rendered":"20% Nylon 68% Rayon 12% Leinen Nylon-Filament Rayon Leinen Kavallerie-Twill"},"content":{"rendered":"<p>Dieser Cavalry-Twill-Stoff kombiniert Nylonfilament, Rayon und Leinen mit nat\u00fcrlicher Retro-Textur und sauberen K\u00f6perlinien. Er ist weich und doch knittrig, atmungsaktiv und f\u00e4llt gut, mit elegantem rustikalem Charme, ideal f\u00fcr modische Blusen, Freizeitkleider und trendige Damenbekleidung.<\/p>\n\n\n\n<ul class=\"wp-block-list\">\n<li><strong>20% Nylon 68% Viskose 12% Leinen<\/strong>\uff1aEine Mischung aus 20% Nylon, 68% Viskose und 12% Leinen. Viskose sorgt f\u00fcr Weichheit und einen sch\u00f6nen Fall; Leinen verleiht dem Stoff eine atmungsaktive, rustikale Struktur; Nylon verbessert den Glanz, die Festigkeit und die Formbest\u00e4ndigkeit.<\/li>\n<\/ul>\n\n\n\n<ul class=\"wp-block-list\">\n<li><strong>N20*30+(30+N20D) 150*84<\/strong>\uff1aN20 Garnspezifikation verwendet<em>30+(30+N20D) und Dichte 150<\/em>84. Eine vern\u00fcnftige Garnkombination bildet eine ausgepr\u00e4gte Reiterk\u00f6perstruktur mit dichter Webart und angenehmem, vollem Griff.<\/li>\n<\/ul>\n\n\n\n<ul class=\"wp-block-list\">\n<li><strong>OEKO-TEX<\/strong>\u00a0Standard 100 zertifiziert<\/li>\n<\/ul>\n\n\n\n<p><\/p>","protected":false},"excerpt":{"rendered":"<p>Dieser Cavalry-Twill-Stoff kombiniert Nylonfilament, Rayon und Leinen mit nat\u00fcrlicher Retro-Textur und sauberen K\u00f6perlinien. Er ist weich und doch knittrig, atmungsaktiv und f\u00e4llt gut, mit elegantem rustikalem Charme, ideal f\u00fcr modische Blusen, Freizeitkleider und trendige Damenbekleidung.<\/p>","protected":false},"featured_media":4966,"comment_status":"open","ping_status":"closed","template":"","meta":[],"product_brand":[],"product_cat":[431],"product_tag":[],"class_list":{"0":"post-4964","1":"product","2":"type-product","3":"status-publish","4":"has-post-thumbnail","6":"product_cat-linen","8":"first","9":"instock","10":"shipping-taxable","11":"product-type-simple"},"_links":{"self":[{"href":"https:\/\/dayatex.com\/de\/wp-json\/wp\/v2\/product\/4964","targetHints":{"allow":["GET"]}}],"collection":[{"href":"https:\/\/dayatex.com\/de\/wp-json\/wp\/v2\/product"}],"about":[{"href":"https:\/\/dayatex.com\/de\/wp-json\/wp\/v2\/types\/product"}],"replies":[{"embeddable":true,"href":"https:\/\/dayatex.com\/de\/wp-json\/wp\/v2\/comments?post=4964"}],"wp:featuredmedia":[{"embeddable":true,"href":"https:\/\/dayatex.com\/de\/wp-json\/wp\/v2\/media\/4966"}],"wp:attachment":[{"href":"https:\/\/dayatex.com\/de\/wp-json\/wp\/v2\/media?parent=4964"}],"wp:term":[{"taxonomy":"product_brand","embeddable":true,"href":"https:\/\/dayatex.com\/de\/wp-json\/wp\/v2\/product_brand?post=4964"},{"taxonomy":"product_cat","embeddable":true,"href":"https:\/\/dayatex.com\/de\/wp-json\/wp\/v2\/product_cat?post=4964"},{"taxonomy":"product_tag","embeddable":true,"href":"https:\/\/dayatex.com\/de\/wp-json\/wp\/v2\/product_tag?post=4964"}],"curies":[{"name":"wp","href":"https:\/\/api.w.org\/{rel}","templated":true}]}}