{"id":813,"date":"2021-11-25T15:59:54","date_gmt":"2021-11-25T07:59:54","guid":{"rendered":"https:\/\/dayatex.com\/?post_type=product&#038;p=813"},"modified":"2025-12-17T20:26:12","modified_gmt":"2025-12-17T12:26:12","slug":"viscose-voile-rayon-voile-pfd-pfp-rfp","status":"publish","type":"product","link":"https:\/\/dayatex.com\/de\/produkt\/viscose-voile-rayon-voile-pfd-pfp-rfp\/","title":{"rendered":"Viskose Voile\/ Rayon Voile 80\u00d780 PFD, PFP, RFP"},"content":{"rendered":"<h4>Viskose Voile 60\u00d760<\/h4>\n<p>Leicht, halbtransparent mit sch\u00f6nem Faltenwurf\uff1b<\/p>\n<p>Es kann auch \u00fcbereinander gelegt werden, um Kleidern und R\u00f6cken mehr F\u00fclle zu verleihen.<\/p>\n<p><span class=\"src\" data-group=\"0-0\">Dieser Stoff besteht aus 100% Rayon (Viskose), einer Faser, die aus einer Mischung aus verantwortungsvoll beschafftem Rohholz hergestellt wird. \u00a0\u00a0<\/span><\/p>\n<p><span class=\"src\" data-group=\"0-1\">Die einzigartige Faserkonstruktion der Viskose hat verbesserte Leistungseigenschaften, die sie langlebig, seidig weich, temperaturregulierend und atmungsaktiv machen. \u00a0<\/span><\/p>\n<p>Perfekt zum F\u00e4rben und f\u00fcr andere kreative Textilprojekte.<\/p>\n<ul>\n<li><strong>100% Viskose:<\/strong> Reine Viskose macht den Stoff weicher;<\/li>\n<li data-open-accessibility-text-original=\"15px\"><span class=\"tgt\" data-section=\"1\" data-sentence=\"0\" data-group=\"1-0\"><strong>Leichte, seidige Textur,<\/strong>\u00a0Weiches und angenehmes Gef\u00fchl, hohe Luftdurchl\u00e4ssigkeit, gute Feuchtigkeitsaufnahme;<\/span><\/li>\n<li data-open-accessibility-text-original=\"15px\"><strong>Ein unverzichtbarer Grundstoff<\/strong>\u00a0f\u00fcr Damenbekleidung, geeignet zum Bedrucken und F\u00e4rben;<\/li>\n<li data-open-accessibility-text-original=\"15px\"><strong>OEKO-TEX<\/strong> Standard 100 zertifiziert.<\/li>\n<li><strong>\u00d6ko-Vero-Viskose<\/strong> ist praktikabel.<\/li>\n<\/ul>","protected":false},"excerpt":{"rendered":"<p>Rayon Voile 60\u00d760 Lightweight, semi-sheer with a beautiful drape\uff1b It can also be layered to give more fullness to dresses and skirts. This fabric is made of 100% rayon ( viscose spun), a fiber made from a blend of responsibly sourced raw wood. \u00a0\u00a0 The unique fiber construction of viscose has enhanced performance qualities that [&hellip;]<\/p>\n","protected":false},"featured_media":4164,"comment_status":"open","ping_status":"closed","template":"","meta":[],"product_brand":[],"product_cat":[430],"product_tag":[211,212],"class_list":{"0":"post-813","1":"product","2":"type-product","3":"status-publish","4":"has-post-thumbnail","6":"product_cat-viscose-spun","7":"product_tag-viscose-spun","8":"product_tag-voile","10":"first","11":"instock","12":"shipping-taxable","13":"product-type-simple"},"_links":{"self":[{"href":"https:\/\/dayatex.com\/de\/wp-json\/wp\/v2\/product\/813","targetHints":{"allow":["GET"]}}],"collection":[{"href":"https:\/\/dayatex.com\/de\/wp-json\/wp\/v2\/product"}],"about":[{"href":"https:\/\/dayatex.com\/de\/wp-json\/wp\/v2\/types\/product"}],"replies":[{"embeddable":true,"href":"https:\/\/dayatex.com\/de\/wp-json\/wp\/v2\/comments?post=813"}],"wp:featuredmedia":[{"embeddable":true,"href":"https:\/\/dayatex.com\/de\/wp-json\/wp\/v2\/media\/4164"}],"wp:attachment":[{"href":"https:\/\/dayatex.com\/de\/wp-json\/wp\/v2\/media?parent=813"}],"wp:term":[{"taxonomy":"product_brand","embeddable":true,"href":"https:\/\/dayatex.com\/de\/wp-json\/wp\/v2\/product_brand?post=813"},{"taxonomy":"product_cat","embeddable":true,"href":"https:\/\/dayatex.com\/de\/wp-json\/wp\/v2\/product_cat?post=813"},{"taxonomy":"product_tag","embeddable":true,"href":"https:\/\/dayatex.com\/de\/wp-json\/wp\/v2\/product_tag?post=813"}],"curies":[{"name":"wp","href":"https:\/\/api.w.org\/{rel}","templated":true}]}}