{"id":823,"date":"2021-11-25T16:46:28","date_gmt":"2021-11-25T08:46:28","guid":{"rendered":"https:\/\/dayatex.com\/?post_type=product&#038;p=823"},"modified":"2025-12-17T20:26:20","modified_gmt":"2025-12-17T12:26:20","slug":"viscose-calvary-twill-60x60","status":"publish","type":"product","link":"https:\/\/dayatex.com\/de\/produkt\/viscose-calvary-twill-60x60\/","title":{"rendered":"Viskose-Spinnvlies\/ Rayon-Kalvarienk\u00f6per 60\u00d760"},"content":{"rendered":"<p><strong>Rayon Calvary K\u00f6per 60\u00d760 PFD<\/strong><\/p>\n<p><span class=\"src\" data-group=\"0-0\">Dieser Stoff besteht aus 100% Rayon (Viskose), einer Faser, die aus einer Mischung aus verantwortungsvoll beschafftem Rohholz hergestellt wird. \u00a0\u00a0<\/span><\/p>\n<p>Glattes K\u00f6pergewebe mit sauberem, steilem und markantem Doppelk\u00f6per-Effekt.<\/p>\n<p><span class=\"src\" data-group=\"0-1\">Die einzigartige Faserkonstruktion der Viskose hat verbesserte Leistungseigenschaften, die sie langlebig, seidig weich, temperaturregulierend und atmungsaktiv machen. \u00a0<\/span><\/p>\n<ul>\n<li data-open-accessibility-text-original=\"15px\"><strong>100% Viskose:<\/strong>\u00a0eine Faser, die aus einer Mischung aus verantwortungsvoll beschafftem Rohholz besteht<\/li>\n<li data-open-accessibility-text-original=\"15px\"><span class=\"tgt\" data-section=\"1\" data-sentence=\"0\" data-group=\"1-0\"><strong>Leichte, seidige Textur,<\/strong>\u00a0Weiches und angenehmes Gef\u00fchl, hohe Luftdurchl\u00e4ssigkeit, gute Feuchtigkeitsaufnahme;<\/span><\/li>\n<li data-open-accessibility-text-original=\"15px\"><strong>Ein unverzichtbarer Grundstoff<\/strong>\u00a0f\u00fcr Damenbekleidung, geeignet zum Bedrucken und F\u00e4rben;<\/li>\n<li data-open-accessibility-text-original=\"15px\"><strong>OEKO-TEX<\/strong>\u00a0Standard 100 zertifiziert<\/li>\n<li><strong>\u00d6ko-Vero-Viskose<\/strong>\u00a0ist praktikabel<\/li>\n<\/ul>","protected":false},"excerpt":{"rendered":"<p>Rayon Calvary twill 60&#215;60 PFD This fabric is made of 100% rayon ( viscose spun), a fiber made from a blend of responsibly sourced raw wood. \u00a0\u00a0 Smooth-surfaced twill fabric with a clean steep prominent double twill effect. The unique fiber construction of viscose has enhanced performance qualities that make them durable, silky soft, temperature [&hellip;]<\/p>\n","protected":false},"featured_media":4171,"comment_status":"open","ping_status":"closed","template":"","meta":[],"product_brand":[],"product_cat":[430],"product_tag":[254,218,211],"class_list":{"0":"post-823","1":"product","2":"type-product","3":"status-publish","4":"has-post-thumbnail","6":"product_cat-viscose-spun","7":"product_tag-calvary-twill","8":"product_tag-twill","9":"product_tag-viscose-spun","11":"first","12":"instock","13":"shipping-taxable","14":"product-type-simple"},"_links":{"self":[{"href":"https:\/\/dayatex.com\/de\/wp-json\/wp\/v2\/product\/823","targetHints":{"allow":["GET"]}}],"collection":[{"href":"https:\/\/dayatex.com\/de\/wp-json\/wp\/v2\/product"}],"about":[{"href":"https:\/\/dayatex.com\/de\/wp-json\/wp\/v2\/types\/product"}],"replies":[{"embeddable":true,"href":"https:\/\/dayatex.com\/de\/wp-json\/wp\/v2\/comments?post=823"}],"wp:featuredmedia":[{"embeddable":true,"href":"https:\/\/dayatex.com\/de\/wp-json\/wp\/v2\/media\/4171"}],"wp:attachment":[{"href":"https:\/\/dayatex.com\/de\/wp-json\/wp\/v2\/media?parent=823"}],"wp:term":[{"taxonomy":"product_brand","embeddable":true,"href":"https:\/\/dayatex.com\/de\/wp-json\/wp\/v2\/product_brand?post=823"},{"taxonomy":"product_cat","embeddable":true,"href":"https:\/\/dayatex.com\/de\/wp-json\/wp\/v2\/product_cat?post=823"},{"taxonomy":"product_tag","embeddable":true,"href":"https:\/\/dayatex.com\/de\/wp-json\/wp\/v2\/product_tag?post=823"}],"curies":[{"name":"wp","href":"https:\/\/api.w.org\/{rel}","templated":true}]}}