{"id":866,"date":"2021-11-30T10:56:58","date_gmt":"2021-11-30T02:56:58","guid":{"rendered":"https:\/\/dayatex.com\/?post_type=product&#038;p=866"},"modified":"2025-12-17T20:20:33","modified_gmt":"2025-12-17T12:20:33","slug":"cotton-voile-100x100-pfd-rfp","status":"publish","type":"product","link":"https:\/\/dayatex.com\/de\/produkt\/cotton-voile-100x100-pfd-rfp\/","title":{"rendered":"Feiner Baumwoll-Voile 100X100 PFD, PFP, RFP"},"content":{"rendered":"<h4>Baumwoll-Voile 100\u00d7100<\/h4>\n<p>Leicht, halbtransparent mit sch\u00f6nem Faltenwurf\uff1b<\/p>\n<p>Es kann auch \u00fcbereinander gelegt werden, um Kleidern und R\u00f6cken mehr F\u00fclle zu verleihen.<\/p>\n<p>Perfekt zum F\u00e4rben und f\u00fcr andere kreative Textilprojekte.<\/p>\n<ul>\n<li><strong>100%Cotton:<\/strong>\u00a0Reine Baumwolle macht den Stoff weicher;<\/li>\n<li data-open-accessibility-text-original=\"15px\"><span class=\"tgt\" data-section=\"1\" data-sentence=\"0\" data-group=\"1-0\"><strong>Leichte, seidige Textur,<\/strong>\u00a0Weiches und angenehmes Gef\u00fchl, hohe Luftdurchl\u00e4ssigkeit, gute Feuchtigkeitsaufnahme;<\/span><\/li>\n<li data-open-accessibility-text-original=\"15px\"><strong>Ein unverzichtbarer Grundstoff<\/strong>\u00a0f\u00fcr Damenbekleidung, geeignet zum Bedrucken und F\u00e4rben;<\/li>\n<li data-open-accessibility-text-original=\"15px\"><strong>OEKO-TEX<\/strong>\u00a0Standard 100 zertifiziert<\/li>\n<li><strong>BCI COTTON<\/strong>\u00a0KANN ANGEWIESEN WERDEN<\/li>\n<\/ul>","protected":false},"excerpt":{"rendered":"<p>Cotton Voile 100\u00d7100 Lightweight, semi-sheer with a beautiful drape\uff1b It can also be layered to give more fullness to dresses and skirts. Perfect for dyeing and other creative textile projects. 100%Cotton:\u00a0Pure cotton makes the fabric softer; Light silky texture,\u00a0soft and comfortable feel, strong air permeability, good moisture absorption effect; An essential basic fabric\u00a0for women\u2019s clothes, [&hellip;]<\/p>\n","protected":false},"featured_media":3919,"comment_status":"open","ping_status":"closed","template":"","meta":[],"product_brand":[],"product_cat":[428],"product_tag":[249,268,212],"class_list":{"0":"post-866","1":"product","2":"type-product","3":"status-publish","4":"has-post-thumbnail","6":"product_cat-cotton","7":"product_tag-cotton","8":"product_tag-hot-selling","9":"product_tag-voile","11":"first","12":"instock","13":"shipping-taxable","14":"product-type-simple"},"_links":{"self":[{"href":"https:\/\/dayatex.com\/de\/wp-json\/wp\/v2\/product\/866","targetHints":{"allow":["GET"]}}],"collection":[{"href":"https:\/\/dayatex.com\/de\/wp-json\/wp\/v2\/product"}],"about":[{"href":"https:\/\/dayatex.com\/de\/wp-json\/wp\/v2\/types\/product"}],"replies":[{"embeddable":true,"href":"https:\/\/dayatex.com\/de\/wp-json\/wp\/v2\/comments?post=866"}],"wp:featuredmedia":[{"embeddable":true,"href":"https:\/\/dayatex.com\/de\/wp-json\/wp\/v2\/media\/3919"}],"wp:attachment":[{"href":"https:\/\/dayatex.com\/de\/wp-json\/wp\/v2\/media?parent=866"}],"wp:term":[{"taxonomy":"product_brand","embeddable":true,"href":"https:\/\/dayatex.com\/de\/wp-json\/wp\/v2\/product_brand?post=866"},{"taxonomy":"product_cat","embeddable":true,"href":"https:\/\/dayatex.com\/de\/wp-json\/wp\/v2\/product_cat?post=866"},{"taxonomy":"product_tag","embeddable":true,"href":"https:\/\/dayatex.com\/de\/wp-json\/wp\/v2\/product_tag?post=866"}],"curies":[{"name":"wp","href":"https:\/\/api.w.org\/{rel}","templated":true}]}}