{"id":877,"date":"2021-11-30T11:30:12","date_gmt":"2021-11-30T03:30:12","guid":{"rendered":"https:\/\/dayatex.com\/?post_type=product&#038;p=877"},"modified":"2025-12-17T20:20:45","modified_gmt":"2025-12-17T12:20:45","slug":"hot-seller-viscose-rayon-dobby","status":"publish","type":"product","link":"https:\/\/dayatex.com\/de\/produkt\/hot-seller-viscose-rayon-dobby\/","title":{"rendered":"Hei\u00df begehrt - Viskose \/ Rayon Punktdobby 45\u00d745 PFD, PFP, RFP"},"content":{"rendered":"<h4>Viskose \/ Rayon Punktdobby 45\u00d745<\/h4>\n<p><span class=\"a-list-item\">Dieser leichte, ultraweiche Viskose-Schaftstoff ist halbdurchsichtig und eignet sich perfekt f\u00fcr flie\u00dfende Blusen, Kleider, Badeanz\u00fcge, Bauernblusen, R\u00f6cke und sogar Schals.<\/span><\/p>\n<p>Perfekt zum F\u00e4rben und f\u00fcr andere kreative Textilprojekte.<\/p>\n<ul>\n<li><strong>100% Spinnviskose\/Viskose:<\/strong> Reine Viskose macht den Stoff weicher;<\/li>\n<li data-open-accessibility-text-original=\"15px\"><span class=\"tgt\" data-section=\"1\" data-sentence=\"0\" data-group=\"1-0\"><strong>Leichte, seidige Textur,<\/strong>\u00a0Weiches und angenehmes Gef\u00fchl, hohe Luftdurchl\u00e4ssigkeit, gute Feuchtigkeitsaufnahme;<\/span><\/li>\n<li data-open-accessibility-text-original=\"15px\"><strong>Ein unverzichtbarer Grundstoff<\/strong>\u00a0f\u00fcr Damenbekleidung, geeignet zum Bedrucken und F\u00e4rben;<\/li>\n<li data-open-accessibility-text-original=\"15px\"><strong>OEKO-TEX<\/strong>\u00a0Standard 100 zertifiziert<\/li>\n<li><strong>BCI COTTON<\/strong>\u00a0KANN ANGEWIESEN WERDEN<\/li>\n<\/ul>","protected":false},"excerpt":{"rendered":"<p>Viscose \/ Rayon dot dobby 45&#215;45 This lightweight ultra-soft rayon dobby fabric is semi-sheer and perfect for flowing blouses dresses bathing suit cover ups peasant blouses skirts and even scarves. Perfect for dyeing and other creative textile projects. 100% Viscose spun\/ Rayon: Pure rayon makes the fabric softer; Light silky texture,\u00a0soft and comfortable feel, strong [&hellip;]<\/p>\n","protected":false},"featured_media":3929,"comment_status":"open","ping_status":"closed","template":"","meta":[],"product_brand":[],"product_cat":[430],"product_tag":[271,211],"class_list":{"0":"post-877","1":"product","2":"type-product","3":"status-publish","4":"has-post-thumbnail","6":"product_cat-viscose-spun","7":"product_tag-dobby","8":"product_tag-viscose-spun","10":"first","11":"instock","12":"shipping-taxable","13":"product-type-simple"},"_links":{"self":[{"href":"https:\/\/dayatex.com\/de\/wp-json\/wp\/v2\/product\/877","targetHints":{"allow":["GET"]}}],"collection":[{"href":"https:\/\/dayatex.com\/de\/wp-json\/wp\/v2\/product"}],"about":[{"href":"https:\/\/dayatex.com\/de\/wp-json\/wp\/v2\/types\/product"}],"replies":[{"embeddable":true,"href":"https:\/\/dayatex.com\/de\/wp-json\/wp\/v2\/comments?post=877"}],"wp:featuredmedia":[{"embeddable":true,"href":"https:\/\/dayatex.com\/de\/wp-json\/wp\/v2\/media\/3929"}],"wp:attachment":[{"href":"https:\/\/dayatex.com\/de\/wp-json\/wp\/v2\/media?parent=877"}],"wp:term":[{"taxonomy":"product_brand","embeddable":true,"href":"https:\/\/dayatex.com\/de\/wp-json\/wp\/v2\/product_brand?post=877"},{"taxonomy":"product_cat","embeddable":true,"href":"https:\/\/dayatex.com\/de\/wp-json\/wp\/v2\/product_cat?post=877"},{"taxonomy":"product_tag","embeddable":true,"href":"https:\/\/dayatex.com\/de\/wp-json\/wp\/v2\/product_tag?post=877"}],"curies":[{"name":"wp","href":"https:\/\/api.w.org\/{rel}","templated":true}]}}