{"id":960,"date":"2021-12-01T17:04:07","date_gmt":"2021-12-01T09:04:07","guid":{"rendered":"https:\/\/dayatex.com\/?post_type=product&#038;p=960"},"modified":"2025-12-17T20:21:49","modified_gmt":"2025-12-17T12:21:49","slug":"viscose-spun-rayon-crinkle-crepe-fabric-30x30","status":"publish","type":"product","link":"https:\/\/dayatex.com\/de\/produkt\/viscose-spun-rayon-crinkle-crepe-fabric-30x30\/","title":{"rendered":"Viskose gesponnen\/ Rayon Crinkle, Kreppstoff 30X30"},"content":{"rendered":"<p><strong>Viskose Crinkle Rayon Krepp-Stoff 30X30<\/strong><\/p>\n<p><span class=\"src\" data-group=\"0-0\">Dieser Stoff ist aus 100% Viskose gesponnen, einer Faser, die aus einer Mischung aus verantwortungsvoll beschafftem Rohholz hergestellt wird. \u00a0\u00a0<\/span><\/p>\n<p>Ein fast undurchsichtiger Stoff mit einer subtilen Textur im gesamten Gewebe, matt und nicht dehnbar.<\/p>\n<p>Dieser vielseitige Stoff hat einen sch\u00f6nen Faltenwurf und f\u00fchlt sich k\u00fchl an.<\/p>\n<p><span class=\"src\" data-group=\"0-1\">Die einzigartige Faserkonstruktion der Viskose hat verbesserte Leistungseigenschaften, die sie langlebig, seidig weich, temperaturregulierend und atmungsaktiv machen. \u00a0<\/span><\/p>\n<ul>\n<li data-open-accessibility-text-original=\"15px\"><strong>100% Gesponnene Viskose:<\/strong>\u00a0eine Faser, die aus einer Mischung aus verantwortungsvoll beschafftem Rohholz besteht<\/li>\n<li data-open-accessibility-text-original=\"15px\"><strong>Subtile Textur<\/strong>: hat einen sch\u00f6nen Faltenwurf und f\u00fchlt sich k\u00fchl an.<\/li>\n<li data-open-accessibility-text-original=\"15px\"><strong>OEKO-TEX<\/strong>\u00a0Standard 100 zertifiziert<\/li>\n<li><strong>\u00d6ko-Vero-Viskose<\/strong>\u00a0ist praktikabel<\/li>\n<li data-open-accessibility-text-original=\"15px\"><strong>Der Prozess der Faltenbildung<\/strong>, Daher ist die Oberfl\u00e4che unregelm\u00e4\u00dfig faltig.<\/li>\n<\/ul>","protected":false},"excerpt":{"rendered":"<p>Viscose Crinkle Rayon crepe Fabric 30X30 This fabric is made of 100% viscose spun, a fiber made from a blend of responsibly sourced raw wood. \u00a0\u00a0 An almost-opaque fabric with a subtle texture throughout, matt finish, and no stretch. This versatile fabric has a beautiful drape and cool hand feels. The unique fiber construction of [&hellip;]<\/p>\n","protected":false},"featured_media":3994,"comment_status":"open","ping_status":"closed","template":"","meta":[],"product_brand":[],"product_cat":[430],"product_tag":[221,237,211],"class_list":{"0":"post-960","1":"product","2":"type-product","3":"status-publish","4":"has-post-thumbnail","6":"product_cat-viscose-spun","7":"product_tag-crepe","8":"product_tag-viscose-crinkle","9":"product_tag-viscose-spun","11":"first","12":"instock","13":"shipping-taxable","14":"product-type-simple"},"_links":{"self":[{"href":"https:\/\/dayatex.com\/de\/wp-json\/wp\/v2\/product\/960","targetHints":{"allow":["GET"]}}],"collection":[{"href":"https:\/\/dayatex.com\/de\/wp-json\/wp\/v2\/product"}],"about":[{"href":"https:\/\/dayatex.com\/de\/wp-json\/wp\/v2\/types\/product"}],"replies":[{"embeddable":true,"href":"https:\/\/dayatex.com\/de\/wp-json\/wp\/v2\/comments?post=960"}],"wp:featuredmedia":[{"embeddable":true,"href":"https:\/\/dayatex.com\/de\/wp-json\/wp\/v2\/media\/3994"}],"wp:attachment":[{"href":"https:\/\/dayatex.com\/de\/wp-json\/wp\/v2\/media?parent=960"}],"wp:term":[{"taxonomy":"product_brand","embeddable":true,"href":"https:\/\/dayatex.com\/de\/wp-json\/wp\/v2\/product_brand?post=960"},{"taxonomy":"product_cat","embeddable":true,"href":"https:\/\/dayatex.com\/de\/wp-json\/wp\/v2\/product_cat?post=960"},{"taxonomy":"product_tag","embeddable":true,"href":"https:\/\/dayatex.com\/de\/wp-json\/wp\/v2\/product_tag?post=960"}],"curies":[{"name":"wp","href":"https:\/\/api.w.org\/{rel}","templated":true}]}}