{"id":980,"date":"2021-12-03T11:22:20","date_gmt":"2021-12-03T03:22:20","guid":{"rendered":"https:\/\/dayatex.com\/?post_type=product&#038;p=980"},"modified":"2025-12-17T20:22:05","modified_gmt":"2025-12-17T12:22:05","slug":"viscose-rayon-crepe-40x40-pfd-pfp-rfp","status":"publish","type":"product","link":"https:\/\/dayatex.com\/de\/produkt\/viscose-rayon-crepe-40x40-pfd-pfp-rfp\/","title":{"rendered":"Hei\u00df begehrte Produkte Viskose\/Rayon-Krepp 40\u00d740 PFD, PFP, RFP"},"content":{"rendered":"<h4>Viskose-Spinnerei\/Rayon-Krepp 40X40<\/h4>\n<p><span class=\"src\" data-group=\"0-0\">Dieser Stoff besteht aus Viskose 100%, einer Faser, die aus einer Mischung aus verantwortungsvoll beschafftem Rohholz hergestellt wird. \u00a0\u00a0<\/span><\/p>\n<p>Ein fast undurchsichtiger Stoff mit einer subtilen Textur im gesamten Gewebe, matt und nicht dehnbar.<\/p>\n<p>Dieser vielseitige Stoff hat einen sch\u00f6nen Faltenwurf und f\u00fchlt sich k\u00fchl an.<\/p>\n<p><span class=\"src\" data-group=\"0-1\">Die einzigartige Faserkonstruktion der Viskose hat verbesserte Leistungseigenschaften, die sie langlebig, seidig weich, temperaturregulierend und atmungsaktiv machen. \u00a0<\/span><\/p>\n<ul>\n<li data-open-accessibility-text-original=\"15px\"><strong>100% Viskose \/ Rayon:<\/strong>\u00a0eine Faser, die aus einer Mischung aus verantwortungsvoll beschafftem Rohholz besteht<\/li>\n<li data-open-accessibility-text-original=\"15px\">\u00a0<strong>Subtile Textur<\/strong>: hat einen sch\u00f6nen Faltenwurf und f\u00fchlt sich k\u00fchl an.<\/li>\n<li data-open-accessibility-text-original=\"15px\"><strong>OEKO-TEX<\/strong>\u00a0Standard 100 zertifiziert<\/li>\n<li><strong>\u00d6ko-Vero-Viskose<\/strong>\u00a0ist praktikabel<\/li>\n<\/ul>","protected":false},"excerpt":{"rendered":"<p>Viscose spun\/ rayon crepe 40X40 This fabric is made of 100% viscose, a fiber made from a blend of responsibly sourced raw wood. \u00a0\u00a0 An almost-opaque fabric with a subtle texture throughout, matt finish, and no stretch. This versatile fabric has a beautiful drape and cool hand feels. The unique fiber construction of viscose has [&hellip;]<\/p>\n","protected":false},"featured_media":4011,"comment_status":"open","ping_status":"closed","template":"","meta":[],"product_brand":[],"product_cat":[430],"product_tag":[221,211],"class_list":{"0":"post-980","1":"product","2":"type-product","3":"status-publish","4":"has-post-thumbnail","6":"product_cat-viscose-spun","7":"product_tag-crepe","8":"product_tag-viscose-spun","10":"first","11":"instock","12":"shipping-taxable","13":"product-type-simple"},"_links":{"self":[{"href":"https:\/\/dayatex.com\/de\/wp-json\/wp\/v2\/product\/980","targetHints":{"allow":["GET"]}}],"collection":[{"href":"https:\/\/dayatex.com\/de\/wp-json\/wp\/v2\/product"}],"about":[{"href":"https:\/\/dayatex.com\/de\/wp-json\/wp\/v2\/types\/product"}],"replies":[{"embeddable":true,"href":"https:\/\/dayatex.com\/de\/wp-json\/wp\/v2\/comments?post=980"}],"wp:featuredmedia":[{"embeddable":true,"href":"https:\/\/dayatex.com\/de\/wp-json\/wp\/v2\/media\/4011"}],"wp:attachment":[{"href":"https:\/\/dayatex.com\/de\/wp-json\/wp\/v2\/media?parent=980"}],"wp:term":[{"taxonomy":"product_brand","embeddable":true,"href":"https:\/\/dayatex.com\/de\/wp-json\/wp\/v2\/product_brand?post=980"},{"taxonomy":"product_cat","embeddable":true,"href":"https:\/\/dayatex.com\/de\/wp-json\/wp\/v2\/product_cat?post=980"},{"taxonomy":"product_tag","embeddable":true,"href":"https:\/\/dayatex.com\/de\/wp-json\/wp\/v2\/product_tag?post=980"}],"curies":[{"name":"wp","href":"https:\/\/api.w.org\/{rel}","templated":true}]}}