{"id":988,"date":"2021-12-03T14:31:18","date_gmt":"2021-12-03T06:31:18","guid":{"rendered":"https:\/\/dayatex.com\/?post_type=product&#038;p=988"},"modified":"2025-12-17T20:22:17","modified_gmt":"2025-12-17T12:22:17","slug":"hot-seller-viscose-sateen-120dx120d-rfd-pfd-pfp-for-dress-blouse","status":"publish","type":"product","link":"https:\/\/dayatex.com\/de\/produkt\/hot-seller-viscose-sateen-120dx120d-rfd-pfd-pfp-for-dress-blouse\/","title":{"rendered":"Hei\u00dfer Verk\u00e4ufer Viskose-Satin 120DX120D RFD, PFD &amp; PFP f\u00fcr Kleid, Bluse"},"content":{"rendered":"<h4>Viskose-Satin 120Dx120D<\/h4>\n<p><span class=\"src\" data-group=\"0-0\">Dieser Stoff besteht aus Viskose 100%, einer Faser, die aus einer Mischung aus verantwortungsvoll beschafftem Rohholz hergestellt wird. \u00a0\u00a0<\/span><\/p>\n<p><span class=\"src\" data-group=\"0-1\">Die einzigartige Faserkonstruktion der Viskose hat verbesserte Leistungseigenschaften, die sie langlebig, seidig weich, temperaturregulierend und atmungsaktiv machen. \u00a0<\/span><\/p>\n<p>Geeignet f\u00fcr Herbst &amp; Fr\u00fchling Saison, Kleid, Top, Anzug...<\/p>\n<ul>\n<li data-open-accessibility-text-original=\"15px\"><strong>100% Viskose:<\/strong>\u00a0eine Faser, die aus einer Mischung aus verantwortungsvoll beschafftem Rohholz besteht<\/li>\n<li data-open-accessibility-text-original=\"15px\"><strong>Seidig weicher Griff<\/strong>: handgefertigt, um den weichsten Touch zu haben, der sanft zur Haut ist<\/li>\n<li data-open-accessibility-text-original=\"15px\"><strong>OEKO-TEX<\/strong>\u00a0Standard 100 zertifiziert<\/li>\n<li><strong>RCS-Viskose<\/strong>\u00a0ist praktikabel<\/li>\n<li data-open-accessibility-text-original=\"15px\"><strong>Satin-Gewebe<\/strong>\u00a0f\u00fcr einen weichen Griff und leichten Glanz<\/li>\n<\/ul>","protected":false},"excerpt":{"rendered":"<p>Viscose sateen 120Dx120D This fabric is made of 100% viscose, a fiber made from a blend of responsibly sourced raw wood. \u00a0\u00a0 The unique fiber construction of viscose has enhanced performance qualities that make them durable, silky soft, temperature regulating, and breathable. \u00a0 Suitable for Autumn &amp; Spring season, dress, top, suit&#8230; 100% Viscose:\u00a0a fiber [&hellip;]<\/p>\n","protected":false},"featured_media":4018,"comment_status":"open","ping_status":"closed","template":"","meta":[],"product_brand":[],"product_cat":[427],"product_tag":[185,187],"class_list":{"0":"post-988","1":"product","2":"type-product","3":"status-publish","4":"has-post-thumbnail","6":"product_cat-viscose","7":"product_tag-sateen","8":"product_tag-viscose","10":"first","11":"instock","12":"shipping-taxable","13":"product-type-simple"},"_links":{"self":[{"href":"https:\/\/dayatex.com\/de\/wp-json\/wp\/v2\/product\/988","targetHints":{"allow":["GET"]}}],"collection":[{"href":"https:\/\/dayatex.com\/de\/wp-json\/wp\/v2\/product"}],"about":[{"href":"https:\/\/dayatex.com\/de\/wp-json\/wp\/v2\/types\/product"}],"replies":[{"embeddable":true,"href":"https:\/\/dayatex.com\/de\/wp-json\/wp\/v2\/comments?post=988"}],"wp:featuredmedia":[{"embeddable":true,"href":"https:\/\/dayatex.com\/de\/wp-json\/wp\/v2\/media\/4018"}],"wp:attachment":[{"href":"https:\/\/dayatex.com\/de\/wp-json\/wp\/v2\/media?parent=988"}],"wp:term":[{"taxonomy":"product_brand","embeddable":true,"href":"https:\/\/dayatex.com\/de\/wp-json\/wp\/v2\/product_brand?post=988"},{"taxonomy":"product_cat","embeddable":true,"href":"https:\/\/dayatex.com\/de\/wp-json\/wp\/v2\/product_cat?post=988"},{"taxonomy":"product_tag","embeddable":true,"href":"https:\/\/dayatex.com\/de\/wp-json\/wp\/v2\/product_tag?post=988"}],"curies":[{"name":"wp","href":"https:\/\/api.w.org\/{rel}","templated":true}]}}